{"id":15600,"date":"2017-02-16T14:28:47","date_gmt":"2017-02-16T13:28:47","guid":{"rendered":"http:\/\/www.muzeumwarszawy.pl\/?page_id=15600\/"},"modified":"2018-12-22T13:28:31","modified_gmt":"2018-12-22T12:28:31","slug":"the-collection","status":"publish","type":"page","link":"https:\/\/muzeumwarszawy.pl\/en\/the-collection\/","title":{"rendered":"The Collection"},"content":{"rendered":"<p>How we assemble the collection of the Museum of Warsaw?<\/p>\n<p>What to collect? What criteria to use? How to make proper choices? What is of value? How to avoid creating a collection of obsolete items? These are some of the question which museums have to routinely consider.<\/p>\n<p><a href=\"http:\/\/www.muzeumwarszawy.pl\/zbiory\/dsc_0667i\/\" rel=\"attachment wp-att-16063\"><img fetchpriority=\"high\" decoding=\"async\" class=\"alignnone size-large wp-image-16063\" src=\"http:\/\/www.muzeumwarszawy.pl\/wp-content\/uploads\/2017\/02\/DSC_0667i-1024x682.jpg\" alt=\"Collection of the Museum of Warsaw\" width=\"1024\" height=\"682\" \/><\/a><\/p>\n<p>The Museum of Warsaw boasts an enormous collection. Encompassing 300,000 items, the collection is comparable to those of national museums. Collecting exhibits is a process requiring care and critical thinking. In case of the Museum of Warsaw, it is important to consider what constitutes a \u201cthing of Warsaw,\u201d what will hold value for future generations and what will prove insignificant. Collecting items for its own sake may lead to exhibits lingering in storage rooms and only being seen by a narrow group of experts in distant future.<\/p>\n<p>Our collecting policy abides by Polish law and internal regulations of the Museum of Warsaw, as well as the ICOM (International Council of Museums) Code of Ethics.<\/p>\n<p>The document is based on four core definitions. Artefact \u2013 an object made by a human being, collection \u2013 a group of artefacts collected according to specific criteria, patrimony \u2013 a group of artefacts left behind by a person, family or an organisation, and collected items \u2013 individual artefacts, collections, and patrimonies owned by the Museum. According to these definitions, the Museum of Warsaw may only acquire individual artefacts, collections, and patrimonies.<\/p>\n<p>The artefacts collected by the Museum should meet one of the criteria of being connected to Warsaw \u2013 which can encompass the thematic content of the work (urban space within its historical and administrative borders; inhabitants of the town, their activities, and events taking place in Warsaw) and the place of its creation.<\/p>\n<p>In justified cases the Museum of Warsaw may waive the rule and include an artefact not meeting the aforementioned criteria in its collection.<\/p>\n<p>The Museum of Warsaw also consists of a number of branches. Among the 29 thematic collections listed in the collecting policy, separate rules are determined for: the Korczak Collection, the Museum of Printing Collection, the Museum of Pharmacy Collection, the Palmiry Museum \u2013 Memorial Site Collection, and the Museum of Field Ordinance Collection.<\/p>\n<p><a href=\"http:\/\/muzeumwarszawy.pl\/en\/the-collection\/collecting-policy-of-the-museum-of-warsaw\/\">We encourage you to review the detailed list of collections included in the collecting policy<\/a>.<\/p>\n","protected":false},"excerpt":{"rendered":"<p>How we assemble the collection of the Museum of Warsaw? What to collect? What criteria to use? How to make proper choices? What is of value? How to avoid creating a collection of obsolete items? These are some of the question which museums have to routinely consider. The Museum of Warsaw boasts an enormous collection. [&hellip;]<\/p>\n","protected":false},"author":5,"featured_media":0,"parent":0,"menu_order":0,"comment_status":"closed","ping_status":"closed","template":"p-default.php","meta":{"_acf_changed":false,"footnotes":""},"class_list":["post-15600","page","type-page","status-publish","hentry"],"acf":[],"yoast_head":"<!-- This site is optimized with the Yoast SEO plugin v27.5 - https:\/\/yoast.com\/product\/yoast-seo-wordpress\/ -->\n<title>The Collection | Muzeum Warszawy<\/title>\n<meta name=\"robots\" content=\"index, follow, max-snippet:-1, max-image-preview:large, max-video-preview:-1\" \/>\n<link rel=\"canonical\" href=\"https:\/\/muzeumwarszawy.pl\/en\/the-collection\/\" \/>\n<meta property=\"og:locale\" content=\"en_US\" \/>\n<meta property=\"og:type\" content=\"article\" \/>\n<meta property=\"og:title\" content=\"The Collection | Muzeum Warszawy\" \/>\n<meta property=\"og:description\" content=\"How we assemble the collection of the Museum of Warsaw? What to collect? What criteria to use? How to make proper choices? What is of value? How to avoid creating a collection of obsolete items? These are some of the question which museums have to routinely consider. The Museum of Warsaw boasts an enormous collection. [&hellip;]\" \/>\n<meta property=\"og:url\" content=\"https:\/\/muzeumwarszawy.pl\/en\/the-collection\/\" \/>\n<meta property=\"og:site_name\" content=\"Muzeum Warszawy\" \/>\n<meta property=\"article:publisher\" content=\"https:\/\/www.facebook.com\/muzeum.warszawy\/\" \/>\n<meta property=\"article:modified_time\" content=\"2018-12-22T12:28:31+00:00\" \/>\n<meta property=\"og:image\" content=\"http:\/\/www.muzeumwarszawy.pl\/wp-content\/uploads\/2017\/02\/DSC_0667i-1024x682.jpg\" \/>\n<meta name=\"twitter:card\" content=\"summary_large_image\" \/>\n<meta name=\"twitter:site\" content=\"@muzeumwarszawy\" \/>\n<meta name=\"twitter:label1\" content=\"Est. reading time\" \/>\n\t<meta name=\"twitter:data1\" content=\"2 minutes\" \/>\n<script type=\"application\/ld+json\" class=\"yoast-schema-graph\">{\"@context\":\"https:\\\/\\\/schema.org\",\"@graph\":[{\"@type\":\"WebPage\",\"@id\":\"https:\\\/\\\/muzeumwarszawy.pl\\\/en\\\/the-collection\\\/\",\"url\":\"https:\\\/\\\/muzeumwarszawy.pl\\\/en\\\/the-collection\\\/\",\"name\":\"The Collection | Muzeum Warszawy\",\"isPartOf\":{\"@id\":\"https:\\\/\\\/muzeumwarszawy.pl\\\/#website\"},\"primaryImageOfPage\":{\"@id\":\"https:\\\/\\\/muzeumwarszawy.pl\\\/en\\\/the-collection\\\/#primaryimage\"},\"image\":{\"@id\":\"https:\\\/\\\/muzeumwarszawy.pl\\\/en\\\/the-collection\\\/#primaryimage\"},\"thumbnailUrl\":\"http:\\\/\\\/www.muzeumwarszawy.pl\\\/wp-content\\\/uploads\\\/2017\\\/02\\\/DSC_0667i-1024x682.jpg\",\"datePublished\":\"2017-02-16T13:28:47+00:00\",\"dateModified\":\"2018-12-22T12:28:31+00:00\",\"breadcrumb\":{\"@id\":\"https:\\\/\\\/muzeumwarszawy.pl\\\/en\\\/the-collection\\\/#breadcrumb\"},\"inLanguage\":\"en-US\",\"potentialAction\":[{\"@type\":\"ReadAction\",\"target\":[\"https:\\\/\\\/muzeumwarszawy.pl\\\/en\\\/the-collection\\\/\"]}]},{\"@type\":\"ImageObject\",\"inLanguage\":\"en-US\",\"@id\":\"https:\\\/\\\/muzeumwarszawy.pl\\\/en\\\/the-collection\\\/#primaryimage\",\"url\":\"http:\\\/\\\/www.muzeumwarszawy.pl\\\/wp-content\\\/uploads\\\/2017\\\/02\\\/DSC_0667i-1024x682.jpg\",\"contentUrl\":\"http:\\\/\\\/www.muzeumwarszawy.pl\\\/wp-content\\\/uploads\\\/2017\\\/02\\\/DSC_0667i-1024x682.jpg\"},{\"@type\":\"BreadcrumbList\",\"@id\":\"https:\\\/\\\/muzeumwarszawy.pl\\\/en\\\/the-collection\\\/#breadcrumb\",\"itemListElement\":[{\"@type\":\"ListItem\",\"position\":1,\"name\":\"Home\",\"item\":\"https:\\\/\\\/muzeumwarszawy.pl\\\/en\\\/\"},{\"@type\":\"ListItem\",\"position\":2,\"name\":\"The Collection\"}]},{\"@type\":\"WebSite\",\"@id\":\"https:\\\/\\\/muzeumwarszawy.pl\\\/#website\",\"url\":\"https:\\\/\\\/muzeumwarszawy.pl\\\/\",\"name\":\"Muzeum Warszawy\",\"description\":\"Od 80 lat misj\u0105 Muzeum Warszawy jest gromadzenie, przechowywanie, opracowywanie i udost\u0119pnianie zbior\u00f3w zwi\u0105zanych z Warszaw\u0105. Prowadz\u0105c dzia\u0142alno\u015b\u0107 wystawiennicz\u0105, badawcz\u0105, wydawnicz\u0105, edukacyjn\u0105 oraz kulturaln\u0105, muzeum towarzyszy odbiorcom w poznawaniu fenomenu Warszawy.\",\"publisher\":{\"@id\":\"https:\\\/\\\/muzeumwarszawy.pl\\\/#organization\"},\"potentialAction\":[{\"@type\":\"SearchAction\",\"target\":{\"@type\":\"EntryPoint\",\"urlTemplate\":\"https:\\\/\\\/muzeumwarszawy.pl\\\/?s={search_term_string}\"},\"query-input\":{\"@type\":\"PropertyValueSpecification\",\"valueRequired\":true,\"valueName\":\"search_term_string\"}}],\"inLanguage\":\"en-US\"},{\"@type\":\"Organization\",\"@id\":\"https:\\\/\\\/muzeumwarszawy.pl\\\/#organization\",\"name\":\"Muzeum Warszawy\",\"url\":\"https:\\\/\\\/muzeumwarszawy.pl\\\/\",\"logo\":{\"@type\":\"ImageObject\",\"inLanguage\":\"en-US\",\"@id\":\"https:\\\/\\\/muzeumwarszawy.pl\\\/#\\\/schema\\\/logo\\\/image\\\/\",\"url\":\"https:\\\/\\\/muzeumwarszawy.pl\\\/wp-content\\\/uploads\\\/2019\\\/09\\\/mw_logo.png\",\"contentUrl\":\"https:\\\/\\\/muzeumwarszawy.pl\\\/wp-content\\\/uploads\\\/2019\\\/09\\\/mw_logo.png\",\"width\":900,\"height\":900,\"caption\":\"Muzeum Warszawy\"},\"image\":{\"@id\":\"https:\\\/\\\/muzeumwarszawy.pl\\\/#\\\/schema\\\/logo\\\/image\\\/\"},\"sameAs\":[\"https:\\\/\\\/www.facebook.com\\\/muzeum.warszawy\\\/\",\"https:\\\/\\\/x.com\\\/muzeumwarszawy\",\"https:\\\/\\\/www.instagram.com\\\/muzeumwarszawy\\\/\",\"https:\\\/\\\/www.youtube.com\\\/channel\\\/UCcpFm6UFnUofszAU6bSGEng\\\/featured\",\"https:\\\/\\\/pl.wikipedia.org\\\/wiki\\\/Muzeum_Warszawy\"]}]}<\/script>\n<!-- \/ Yoast SEO plugin. -->","yoast_head_json":{"title":"The Collection | Muzeum Warszawy","robots":{"index":"index","follow":"follow","max-snippet":"max-snippet:-1","max-image-preview":"max-image-preview:large","max-video-preview":"max-video-preview:-1"},"canonical":"https:\/\/muzeumwarszawy.pl\/en\/the-collection\/","og_locale":"en_US","og_type":"article","og_title":"The Collection | Muzeum Warszawy","og_description":"How we assemble the collection of the Museum of Warsaw? What to collect? What criteria to use? How to make proper choices? What is of value? How to avoid creating a collection of obsolete items? These are some of the question which museums have to routinely consider. The Museum of Warsaw boasts an enormous collection. [&hellip;]","og_url":"https:\/\/muzeumwarszawy.pl\/en\/the-collection\/","og_site_name":"Muzeum Warszawy","article_publisher":"https:\/\/www.facebook.com\/muzeum.warszawy\/","article_modified_time":"2018-12-22T12:28:31+00:00","og_image":[{"url":"http:\/\/www.muzeumwarszawy.pl\/wp-content\/uploads\/2017\/02\/DSC_0667i-1024x682.jpg","type":"","width":"","height":""}],"twitter_card":"summary_large_image","twitter_site":"@muzeumwarszawy","twitter_misc":{"Est. reading time":"2 minutes"},"schema":{"@context":"https:\/\/schema.org","@graph":[{"@type":"WebPage","@id":"https:\/\/muzeumwarszawy.pl\/en\/the-collection\/","url":"https:\/\/muzeumwarszawy.pl\/en\/the-collection\/","name":"The Collection | Muzeum Warszawy","isPartOf":{"@id":"https:\/\/muzeumwarszawy.pl\/#website"},"primaryImageOfPage":{"@id":"https:\/\/muzeumwarszawy.pl\/en\/the-collection\/#primaryimage"},"image":{"@id":"https:\/\/muzeumwarszawy.pl\/en\/the-collection\/#primaryimage"},"thumbnailUrl":"http:\/\/www.muzeumwarszawy.pl\/wp-content\/uploads\/2017\/02\/DSC_0667i-1024x682.jpg","datePublished":"2017-02-16T13:28:47+00:00","dateModified":"2018-12-22T12:28:31+00:00","breadcrumb":{"@id":"https:\/\/muzeumwarszawy.pl\/en\/the-collection\/#breadcrumb"},"inLanguage":"en-US","potentialAction":[{"@type":"ReadAction","target":["https:\/\/muzeumwarszawy.pl\/en\/the-collection\/"]}]},{"@type":"ImageObject","inLanguage":"en-US","@id":"https:\/\/muzeumwarszawy.pl\/en\/the-collection\/#primaryimage","url":"http:\/\/www.muzeumwarszawy.pl\/wp-content\/uploads\/2017\/02\/DSC_0667i-1024x682.jpg","contentUrl":"http:\/\/www.muzeumwarszawy.pl\/wp-content\/uploads\/2017\/02\/DSC_0667i-1024x682.jpg"},{"@type":"BreadcrumbList","@id":"https:\/\/muzeumwarszawy.pl\/en\/the-collection\/#breadcrumb","itemListElement":[{"@type":"ListItem","position":1,"name":"Home","item":"https:\/\/muzeumwarszawy.pl\/en\/"},{"@type":"ListItem","position":2,"name":"The Collection"}]},{"@type":"WebSite","@id":"https:\/\/muzeumwarszawy.pl\/#website","url":"https:\/\/muzeumwarszawy.pl\/","name":"Muzeum Warszawy","description":"Od 80 lat misj\u0105 Muzeum Warszawy jest gromadzenie, przechowywanie, opracowywanie i udost\u0119pnianie zbior\u00f3w zwi\u0105zanych z Warszaw\u0105. Prowadz\u0105c dzia\u0142alno\u015b\u0107 wystawiennicz\u0105, badawcz\u0105, wydawnicz\u0105, edukacyjn\u0105 oraz kulturaln\u0105, muzeum towarzyszy odbiorcom w poznawaniu fenomenu Warszawy.","publisher":{"@id":"https:\/\/muzeumwarszawy.pl\/#organization"},"potentialAction":[{"@type":"SearchAction","target":{"@type":"EntryPoint","urlTemplate":"https:\/\/muzeumwarszawy.pl\/?s={search_term_string}"},"query-input":{"@type":"PropertyValueSpecification","valueRequired":true,"valueName":"search_term_string"}}],"inLanguage":"en-US"},{"@type":"Organization","@id":"https:\/\/muzeumwarszawy.pl\/#organization","name":"Muzeum Warszawy","url":"https:\/\/muzeumwarszawy.pl\/","logo":{"@type":"ImageObject","inLanguage":"en-US","@id":"https:\/\/muzeumwarszawy.pl\/#\/schema\/logo\/image\/","url":"https:\/\/muzeumwarszawy.pl\/wp-content\/uploads\/2019\/09\/mw_logo.png","contentUrl":"https:\/\/muzeumwarszawy.pl\/wp-content\/uploads\/2019\/09\/mw_logo.png","width":900,"height":900,"caption":"Muzeum Warszawy"},"image":{"@id":"https:\/\/muzeumwarszawy.pl\/#\/schema\/logo\/image\/"},"sameAs":["https:\/\/www.facebook.com\/muzeum.warszawy\/","https:\/\/x.com\/muzeumwarszawy","https:\/\/www.instagram.com\/muzeumwarszawy\/","https:\/\/www.youtube.com\/channel\/UCcpFm6UFnUofszAU6bSGEng\/featured","https:\/\/pl.wikipedia.org\/wiki\/Muzeum_Warszawy"]}]}},"_links":{"self":[{"href":"https:\/\/muzeumwarszawy.pl\/en\/wp-json\/wp\/v2\/pages\/15600","targetHints":{"allow":["GET"]}}],"collection":[{"href":"https:\/\/muzeumwarszawy.pl\/en\/wp-json\/wp\/v2\/pages"}],"about":[{"href":"https:\/\/muzeumwarszawy.pl\/en\/wp-json\/wp\/v2\/types\/page"}],"author":[{"embeddable":true,"href":"https:\/\/muzeumwarszawy.pl\/en\/wp-json\/wp\/v2\/users\/5"}],"replies":[{"embeddable":true,"href":"https:\/\/muzeumwarszawy.pl\/en\/wp-json\/wp\/v2\/comments?post=15600"}],"version-history":[{"count":5,"href":"https:\/\/muzeumwarszawy.pl\/en\/wp-json\/wp\/v2\/pages\/15600\/revisions"}],"predecessor-version":[{"id":24603,"href":"https:\/\/muzeumwarszawy.pl\/en\/wp-json\/wp\/v2\/pages\/15600\/revisions\/24603"}],"wp:attachment":[{"href":"https:\/\/muzeumwarszawy.pl\/en\/wp-json\/wp\/v2\/media?parent=15600"}],"curies":[{"name":"wp","href":"https:\/\/api.w.org\/{rel}","templated":true}]}}