{"id":15605,"date":"2017-02-16T14:37:11","date_gmt":"2017-02-16T13:37:11","guid":{"rendered":"http:\/\/www.muzeumwarszawy.pl\/?page_id=15605\/"},"modified":"2017-02-16T14:37:11","modified_gmt":"2017-02-16T13:37:11","slug":"scholarly-activities","status":"publish","type":"page","link":"https:\/\/muzeumwarszawy.pl\/en\/scholarly-activities\/","title":{"rendered":"Scholarly activities"},"content":{"rendered":"<p>Research conducted at the Museum of Warsaw focuses primarily on its rich collections. Getting acquainted with the things of Warsaw, objects of varied status &#8211; artworks, handicrafts, items of everyday use \u2013 serves our mission: presenting these objects to our visitors. Acquiring knowledge on the things of Warsaw \u2013 participants of and witnesses to historical events &#8211; and passing it on make us broaden our proficiency in the history of Warsaw on one hand, and reflect on the status of objects that we hold at the Museum on the other.<\/p>\n<p>That is why research at the Museum of Warsaw is realized within the three thematic fields:<\/p>\n<ol>\n<li><strong>The Things of Warsaw<\/strong>. The Museum collection comprises nearly 300,000 things of Warsaw \u2013 objects which are rarely works of art, often not of particular artistic or material value, and yet telling all sorts of stories related to the city and its inhabitants. It is a true challenge not only to study and describe the collection and its particular items, but rather to develop a method which will allow the visitors to \u201chear\u201d these stories. Based on the work by scholars such as Igor Kopytoff or Bj\u00f8rnar Olsen, we are developing a model of \u201cbiography of things\u201d which will allow us to make the objects subjective &#8211; to present them as active actors in the theatre of history. Presenting the objects to the public by means of new digital technologies is yet another vital issue . The relation between the material objects and the digital form of the Museum is thus being analysed.<\/li>\n<li><strong>The Phenomenon of Warsaw<\/strong>. The Museum of Warsaw is an institution studying the phenomenon of the city which is combined of both the past, but also of the contemporary issues. Warsaw, similarly to other cities with long history, may be perceived as a palimpsest of sorts \u2013 a space of overwritten meanings. The turbulent history of the 20<sup>th<\/sup> century prompts us not so much to uncover the subsequent layers but rather to perceive the past from the perspective of the current shape and condition of the city. The abrupt destruction and reconstruction that followed resulted in a severed continuity, while the history is permanently present and experienced on a daily basis. Since the Museum is located at the very centre of the reconstructed Old Town and runs a branch dedicated specifically to the aforementioned issues (Heritage Interpretation Centre), the problems of wartime destruction and postwar reconstruction recur in various projects. Another important factor in the process of getting acquainted with the phenomenon of Warsaw is a close study of the community of its residents in which the historical perspective meets the modernity as well.<\/li>\n<li><strong>Museum Science and Museology<\/strong>. A modern museum cannot function without theoretical self-reflection. Contemporary museums are &#8211; next to academic centres &#8211; a vital space for debates on the subject of current issues in the museum science and museology. Museum practice triggers numerous prerogatives for programmes and theories while the development of contemporary museums is closely tied with watching the trends and processes that are taking place all over the world. The history of museum science allows us to take a glimpse into the past that is often the most important frame of reference \u2013 both positive and negative. Museology on the other hand allows us to strive for new goals and directions in discussing various models of a museum and to create new beings. Museology also encompasses experimental studies of audiences in the area of perception and understanding of phenomena and objects presented at a museum. Thus, it promotes fostering relations with the visitors.<\/li>\n<\/ol>\n","protected":false},"excerpt":{"rendered":"<p>Research conducted at the Museum of Warsaw focuses primarily on its rich collections. Getting acquainted with the things of Warsaw, objects of varied status &#8211; artworks, handicrafts, items of everyday use \u2013 serves our mission: presenting these objects to our visitors. Acquiring knowledge on the things of Warsaw \u2013 participants of and witnesses to historical [&hellip;]<\/p>\n","protected":false},"author":5,"featured_media":0,"parent":0,"menu_order":0,"comment_status":"closed","ping_status":"closed","template":"p-default.php","meta":{"_acf_changed":false,"footnotes":""},"class_list":["post-15605","page","type-page","status-publish","hentry"],"acf":[],"yoast_head":"<!-- This site is optimized with the Yoast SEO plugin v27.5 - https:\/\/yoast.com\/product\/yoast-seo-wordpress\/ -->\n<title>Scholarly activities | Muzeum Warszawy<\/title>\n<meta name=\"robots\" content=\"index, follow, max-snippet:-1, max-image-preview:large, max-video-preview:-1\" \/>\n<link rel=\"canonical\" href=\"https:\/\/muzeumwarszawy.pl\/en\/scholarly-activities\/\" \/>\n<meta property=\"og:locale\" content=\"en_US\" \/>\n<meta property=\"og:type\" content=\"article\" \/>\n<meta property=\"og:title\" content=\"Scholarly activities | Muzeum Warszawy\" \/>\n<meta property=\"og:description\" content=\"Research conducted at the Museum of Warsaw focuses primarily on its rich collections. Getting acquainted with the things of Warsaw, objects of varied status &#8211; artworks, handicrafts, items of everyday use \u2013 serves our mission: presenting these objects to our visitors. Acquiring knowledge on the things of Warsaw \u2013 participants of and witnesses to historical [&hellip;]\" \/>\n<meta property=\"og:url\" content=\"https:\/\/muzeumwarszawy.pl\/en\/scholarly-activities\/\" \/>\n<meta property=\"og:site_name\" content=\"Muzeum Warszawy\" \/>\n<meta property=\"article:publisher\" content=\"https:\/\/www.facebook.com\/muzeum.warszawy\/\" \/>\n<meta property=\"og:image\" content=\"https:\/\/muzeumwarszawy.pl\/wp-content\/uploads\/2018\/05\/Muzeum-Warszawy-1920x1289.jpg\" \/>\n\t<meta property=\"og:image:width\" content=\"1920\" \/>\n\t<meta property=\"og:image:height\" content=\"1289\" \/>\n\t<meta property=\"og:image:type\" content=\"image\/jpeg\" \/>\n<meta name=\"twitter:card\" content=\"summary_large_image\" \/>\n<meta name=\"twitter:site\" content=\"@muzeumwarszawy\" \/>\n<meta name=\"twitter:label1\" content=\"Est. reading time\" \/>\n\t<meta name=\"twitter:data1\" content=\"3 minutes\" \/>\n<script type=\"application\/ld+json\" class=\"yoast-schema-graph\">{\"@context\":\"https:\\\/\\\/schema.org\",\"@graph\":[{\"@type\":\"WebPage\",\"@id\":\"https:\\\/\\\/muzeumwarszawy.pl\\\/en\\\/scholarly-activities\\\/\",\"url\":\"https:\\\/\\\/muzeumwarszawy.pl\\\/en\\\/scholarly-activities\\\/\",\"name\":\"Scholarly activities | Muzeum Warszawy\",\"isPartOf\":{\"@id\":\"https:\\\/\\\/muzeumwarszawy.pl\\\/#website\"},\"datePublished\":\"2017-02-16T13:37:11+00:00\",\"breadcrumb\":{\"@id\":\"https:\\\/\\\/muzeumwarszawy.pl\\\/en\\\/scholarly-activities\\\/#breadcrumb\"},\"inLanguage\":\"en-US\",\"potentialAction\":[{\"@type\":\"ReadAction\",\"target\":[\"https:\\\/\\\/muzeumwarszawy.pl\\\/en\\\/scholarly-activities\\\/\"]}]},{\"@type\":\"BreadcrumbList\",\"@id\":\"https:\\\/\\\/muzeumwarszawy.pl\\\/en\\\/scholarly-activities\\\/#breadcrumb\",\"itemListElement\":[{\"@type\":\"ListItem\",\"position\":1,\"name\":\"Home\",\"item\":\"https:\\\/\\\/muzeumwarszawy.pl\\\/en\\\/\"},{\"@type\":\"ListItem\",\"position\":2,\"name\":\"Scholarly activities\"}]},{\"@type\":\"WebSite\",\"@id\":\"https:\\\/\\\/muzeumwarszawy.pl\\\/#website\",\"url\":\"https:\\\/\\\/muzeumwarszawy.pl\\\/\",\"name\":\"Muzeum Warszawy\",\"description\":\"Od 80 lat misj\u0105 Muzeum Warszawy jest gromadzenie, przechowywanie, opracowywanie i udost\u0119pnianie zbior\u00f3w zwi\u0105zanych z Warszaw\u0105. Prowadz\u0105c dzia\u0142alno\u015b\u0107 wystawiennicz\u0105, badawcz\u0105, wydawnicz\u0105, edukacyjn\u0105 oraz kulturaln\u0105, muzeum towarzyszy odbiorcom w poznawaniu fenomenu Warszawy.\",\"publisher\":{\"@id\":\"https:\\\/\\\/muzeumwarszawy.pl\\\/#organization\"},\"potentialAction\":[{\"@type\":\"SearchAction\",\"target\":{\"@type\":\"EntryPoint\",\"urlTemplate\":\"https:\\\/\\\/muzeumwarszawy.pl\\\/?s={search_term_string}\"},\"query-input\":{\"@type\":\"PropertyValueSpecification\",\"valueRequired\":true,\"valueName\":\"search_term_string\"}}],\"inLanguage\":\"en-US\"},{\"@type\":\"Organization\",\"@id\":\"https:\\\/\\\/muzeumwarszawy.pl\\\/#organization\",\"name\":\"Muzeum Warszawy\",\"url\":\"https:\\\/\\\/muzeumwarszawy.pl\\\/\",\"logo\":{\"@type\":\"ImageObject\",\"inLanguage\":\"en-US\",\"@id\":\"https:\\\/\\\/muzeumwarszawy.pl\\\/#\\\/schema\\\/logo\\\/image\\\/\",\"url\":\"https:\\\/\\\/muzeumwarszawy.pl\\\/wp-content\\\/uploads\\\/2019\\\/09\\\/mw_logo.png\",\"contentUrl\":\"https:\\\/\\\/muzeumwarszawy.pl\\\/wp-content\\\/uploads\\\/2019\\\/09\\\/mw_logo.png\",\"width\":900,\"height\":900,\"caption\":\"Muzeum Warszawy\"},\"image\":{\"@id\":\"https:\\\/\\\/muzeumwarszawy.pl\\\/#\\\/schema\\\/logo\\\/image\\\/\"},\"sameAs\":[\"https:\\\/\\\/www.facebook.com\\\/muzeum.warszawy\\\/\",\"https:\\\/\\\/x.com\\\/muzeumwarszawy\",\"https:\\\/\\\/www.instagram.com\\\/muzeumwarszawy\\\/\",\"https:\\\/\\\/www.youtube.com\\\/channel\\\/UCcpFm6UFnUofszAU6bSGEng\\\/featured\",\"https:\\\/\\\/pl.wikipedia.org\\\/wiki\\\/Muzeum_Warszawy\"]}]}<\/script>\n<!-- \/ Yoast SEO plugin. -->","yoast_head_json":{"title":"Scholarly activities | Muzeum Warszawy","robots":{"index":"index","follow":"follow","max-snippet":"max-snippet:-1","max-image-preview":"max-image-preview:large","max-video-preview":"max-video-preview:-1"},"canonical":"https:\/\/muzeumwarszawy.pl\/en\/scholarly-activities\/","og_locale":"en_US","og_type":"article","og_title":"Scholarly activities | Muzeum Warszawy","og_description":"Research conducted at the Museum of Warsaw focuses primarily on its rich collections. Getting acquainted with the things of Warsaw, objects of varied status &#8211; artworks, handicrafts, items of everyday use \u2013 serves our mission: presenting these objects to our visitors. Acquiring knowledge on the things of Warsaw \u2013 participants of and witnesses to historical [&hellip;]","og_url":"https:\/\/muzeumwarszawy.pl\/en\/scholarly-activities\/","og_site_name":"Muzeum Warszawy","article_publisher":"https:\/\/www.facebook.com\/muzeum.warszawy\/","og_image":[{"width":1920,"height":1289,"url":"https:\/\/muzeumwarszawy.pl\/wp-content\/uploads\/2018\/05\/Muzeum-Warszawy-1920x1289.jpg","type":"image\/jpeg"}],"twitter_card":"summary_large_image","twitter_site":"@muzeumwarszawy","twitter_misc":{"Est. reading time":"3 minutes"},"schema":{"@context":"https:\/\/schema.org","@graph":[{"@type":"WebPage","@id":"https:\/\/muzeumwarszawy.pl\/en\/scholarly-activities\/","url":"https:\/\/muzeumwarszawy.pl\/en\/scholarly-activities\/","name":"Scholarly activities | Muzeum Warszawy","isPartOf":{"@id":"https:\/\/muzeumwarszawy.pl\/#website"},"datePublished":"2017-02-16T13:37:11+00:00","breadcrumb":{"@id":"https:\/\/muzeumwarszawy.pl\/en\/scholarly-activities\/#breadcrumb"},"inLanguage":"en-US","potentialAction":[{"@type":"ReadAction","target":["https:\/\/muzeumwarszawy.pl\/en\/scholarly-activities\/"]}]},{"@type":"BreadcrumbList","@id":"https:\/\/muzeumwarszawy.pl\/en\/scholarly-activities\/#breadcrumb","itemListElement":[{"@type":"ListItem","position":1,"name":"Home","item":"https:\/\/muzeumwarszawy.pl\/en\/"},{"@type":"ListItem","position":2,"name":"Scholarly activities"}]},{"@type":"WebSite","@id":"https:\/\/muzeumwarszawy.pl\/#website","url":"https:\/\/muzeumwarszawy.pl\/","name":"Muzeum Warszawy","description":"Od 80 lat misj\u0105 Muzeum Warszawy jest gromadzenie, przechowywanie, opracowywanie i udost\u0119pnianie zbior\u00f3w zwi\u0105zanych z Warszaw\u0105. Prowadz\u0105c dzia\u0142alno\u015b\u0107 wystawiennicz\u0105, badawcz\u0105, wydawnicz\u0105, edukacyjn\u0105 oraz kulturaln\u0105, muzeum towarzyszy odbiorcom w poznawaniu fenomenu Warszawy.","publisher":{"@id":"https:\/\/muzeumwarszawy.pl\/#organization"},"potentialAction":[{"@type":"SearchAction","target":{"@type":"EntryPoint","urlTemplate":"https:\/\/muzeumwarszawy.pl\/?s={search_term_string}"},"query-input":{"@type":"PropertyValueSpecification","valueRequired":true,"valueName":"search_term_string"}}],"inLanguage":"en-US"},{"@type":"Organization","@id":"https:\/\/muzeumwarszawy.pl\/#organization","name":"Muzeum Warszawy","url":"https:\/\/muzeumwarszawy.pl\/","logo":{"@type":"ImageObject","inLanguage":"en-US","@id":"https:\/\/muzeumwarszawy.pl\/#\/schema\/logo\/image\/","url":"https:\/\/muzeumwarszawy.pl\/wp-content\/uploads\/2019\/09\/mw_logo.png","contentUrl":"https:\/\/muzeumwarszawy.pl\/wp-content\/uploads\/2019\/09\/mw_logo.png","width":900,"height":900,"caption":"Muzeum Warszawy"},"image":{"@id":"https:\/\/muzeumwarszawy.pl\/#\/schema\/logo\/image\/"},"sameAs":["https:\/\/www.facebook.com\/muzeum.warszawy\/","https:\/\/x.com\/muzeumwarszawy","https:\/\/www.instagram.com\/muzeumwarszawy\/","https:\/\/www.youtube.com\/channel\/UCcpFm6UFnUofszAU6bSGEng\/featured","https:\/\/pl.wikipedia.org\/wiki\/Muzeum_Warszawy"]}]}},"_links":{"self":[{"href":"https:\/\/muzeumwarszawy.pl\/en\/wp-json\/wp\/v2\/pages\/15605","targetHints":{"allow":["GET"]}}],"collection":[{"href":"https:\/\/muzeumwarszawy.pl\/en\/wp-json\/wp\/v2\/pages"}],"about":[{"href":"https:\/\/muzeumwarszawy.pl\/en\/wp-json\/wp\/v2\/types\/page"}],"author":[{"embeddable":true,"href":"https:\/\/muzeumwarszawy.pl\/en\/wp-json\/wp\/v2\/users\/5"}],"replies":[{"embeddable":true,"href":"https:\/\/muzeumwarszawy.pl\/en\/wp-json\/wp\/v2\/comments?post=15605"}],"version-history":[{"count":1,"href":"https:\/\/muzeumwarszawy.pl\/en\/wp-json\/wp\/v2\/pages\/15605\/revisions"}],"predecessor-version":[{"id":15606,"href":"https:\/\/muzeumwarszawy.pl\/en\/wp-json\/wp\/v2\/pages\/15605\/revisions\/15606"}],"wp:attachment":[{"href":"https:\/\/muzeumwarszawy.pl\/en\/wp-json\/wp\/v2\/media?parent=15605"}],"curies":[{"name":"wp","href":"https:\/\/api.w.org\/{rel}","templated":true}]}}