{"id":15611,"date":"2017-02-17T15:37:17","date_gmt":"2017-02-17T14:37:17","guid":{"rendered":"http:\/\/www.muzeumwarszawy.pl\/?page_id=15611\/"},"modified":"2024-03-18T15:45:51","modified_gmt":"2024-03-18T14:45:51","slug":"about-the-museum","status":"publish","type":"page","link":"https:\/\/muzeumwarszawy.pl\/en\/about-the-museum\/","title":{"rendered":"About the museum"},"content":{"rendered":"<p>In 2016, the Museum of Warsaw celebrated its 80<sup>th<\/sup> anniversary. Since its foundation in 1936, the Museum\u2019s mission has been to collect, preserve, research and exhibit <em>varsaviana<\/em>. Through numerous exhibitions, research, publishing as well as educational and cultural activities, the Museum has worked to help tourists and locals explore the city of Warsaw and its unique history.<\/p>\n<p>Over the years, it has acquired over 300\u00a0000 unique pieces, which is the largest collection of its kind in the world. The collection includes everything from furniture, sculptures, clocks, maps, through photographs, postcards and panoramas of Warsaw, all the way to pieces of clothing, jewellery, weaponry. Each item has its own unique background, its own story of Warsaw to tell.\u00a0 The oldest object in the Museum\u2019s collection dates back to the beginning of the 14<sup>th<\/sup> century.<\/p>\n<p><a href=\"http:\/\/muzeumwarszawy.pl\/wp-content\/uploads\/2017\/02\/mapka-EN-1.jpg\"><img fetchpriority=\"high\" decoding=\"async\" class=\"alignnone wp-image-16937 size-full\" src=\"http:\/\/muzeumwarszawy.pl\/wp-content\/uploads\/2017\/02\/mapka-EN-1.jpg\" alt=\"\" width=\"2481\" height=\"7028\" \/><\/a><\/p>\n<p><a href=\"http:\/\/muzeumwarszawy.pl\/wp-content\/uploads\/2017\/02\/mapka-EN-2.jpg\"><img decoding=\"async\" class=\"alignnone wp-image-16938 size-full\" src=\"http:\/\/muzeumwarszawy.pl\/wp-content\/uploads\/2017\/02\/mapka-EN-2.jpg\" alt=\"\" width=\"2481\" height=\"7028\" srcset=\"https:\/\/muzeumwarszawy.pl\/wp-content\/uploads\/2017\/02\/mapka-EN-2.jpg 2481w, https:\/\/muzeumwarszawy.pl\/wp-content\/uploads\/2017\/02\/mapka-EN-2-106x300.jpg 106w, https:\/\/muzeumwarszawy.pl\/wp-content\/uploads\/2017\/02\/mapka-EN-2-768x2176.jpg 768w, https:\/\/muzeumwarszawy.pl\/wp-content\/uploads\/2017\/02\/mapka-EN-2-530x1500.jpg 530w, https:\/\/muzeumwarszawy.pl\/wp-content\/uploads\/2017\/02\/mapka-EN-2-247x700.jpg 247w\" sizes=\"(max-width: 2481px) 100vw, 2481px\" \/><\/a><\/p>\n<p>The Museum of Warsaw is comprised of eleven divisions around Warsaw, including: <a href=\"http:\/\/muzeumpragi.pl\/en\/\">the Praga Museum of Warsaw<\/a>, <a href=\"http:\/\/muzeumwoli.muzeumwarszawy.pl\/en\/\">the Wola Museum of Warsaw<\/a>, <a href=\"http:\/\/www.ciz.muzeumwarszawy.pl\/en\/\">the Heritage Interpretation Centre<\/a>, <a href=\"http:\/\/muzeumfarmacji.muzeumwarszawy.pl\/en\/\">the Antonina Le\u015bniewska Museum of Pharmacy<\/a>, <a href=\"http:\/\/palmiry.muzeumwarszawy.pl\/en\/\">the Palmiry Museum \u2013 Memorial Site<\/a>, <a href=\"http:\/\/muzeumdrukarstwa.muzeumwarszawy.pl\/en\/\">the Museum of Printing<\/a>, <a href=\"http:\/\/korczakianum.muzeumwarszawy.pl\/en\/\">Korczakianum<\/a>, the Barbican and the Cultural Trail of Old Town Cellars, as well as the Museum\u2019s main headquarters in Warsaw\u2019s Old Town.<\/p>\n<p>The Museum\u2019s headquarters are housed in <a href=\"http:\/\/www.muzeumwarszawy.pl\/en\/the-history-of-the-tenement-houses\/\">historic tenement houses on the Old Town Market Square<\/a>, and are included in Warsaw\u2019s Old Town complex, which was placed on the UNESCO list of\u00a0World Heritage Sites in 1980. In the years 2014-2016, the Museum\u2019s buildings underwent extensive renovations, the Museum\u2019s collection underwent conservation, was photographed and digitalized, and the concept for an entirely new core exhibition was created.<\/p>\n<p>In May 2017, the Museum of Warsaw reopens to the public \u2013 in its brilliantly refurbished headquarters and with its <a href=\"http:\/\/www.muzeumwarszawy.pl\/en\/the-things-of-warsaw\/\">brand new core exhibition <em>The Things of Warsaw<\/em><\/a>. The exhibition showcases the Museum\u2019s extraordinary collection with nearly 7\u00a0500 objects on display in 21 themed rooms. Each object tells its own story of Warsaw \u2013 the Museum helps explore the city through architectural details, photographs and postcards, souvenirs, clothing, and more. Alone, these items seem to be nothing more than memorabilia, together, they become an intricate story of an intricate, developing city. Visitors will be able to choose a variety of ways to navigate the exhibition, they will have the possibility of creating their own stories of Warsaw.<\/p>\n<p>Besides the core exhibition, the Museum\u2019s headquarters will also house a library, a cinema, a bookstore, a caf\u00e9, as well an observation point with a breath-taking view of Warsaw\u2019s Old Town. The Museum invites visitors to discover Warsaw and its stories \u2013 take part in workshops, film screenings, guided tours of the city, lectures, and more.<\/p>\n","protected":false},"excerpt":{"rendered":"<p>In 2016, the Museum of Warsaw celebrated its 80th anniversary. Since its foundation in 1936, the Museum\u2019s mission has been to collect, preserve, research and exhibit varsaviana. Through numerous exhibitions, research, publishing as well as educational and cultural activities, the Museum has worked to help tourists and locals explore the city of Warsaw and its [&hellip;]<\/p>\n","protected":false},"author":5,"featured_media":0,"parent":0,"menu_order":0,"comment_status":"closed","ping_status":"closed","template":"p-default.php","meta":{"_acf_changed":false,"footnotes":""},"class_list":["post-15611","page","type-page","status-publish","hentry"],"acf":[],"yoast_head":"<!-- This site is optimized with the Yoast SEO plugin v27.3 - https:\/\/yoast.com\/product\/yoast-seo-wordpress\/ -->\n<title>About the museum | Muzeum Warszawy<\/title>\n<meta name=\"robots\" content=\"index, follow, max-snippet:-1, max-image-preview:large, max-video-preview:-1\" \/>\n<link rel=\"canonical\" href=\"https:\/\/muzeumwarszawy.pl\/en\/about-the-museum\/\" \/>\n<meta property=\"og:locale\" content=\"en_US\" \/>\n<meta property=\"og:type\" content=\"article\" \/>\n<meta property=\"og:title\" content=\"About the museum | Muzeum Warszawy\" \/>\n<meta property=\"og:description\" content=\"In 2016, the Museum of Warsaw celebrated its 80th anniversary. Since its foundation in 1936, the Museum\u2019s mission has been to collect, preserve, research and exhibit varsaviana. Through numerous exhibitions, research, publishing as well as educational and cultural activities, the Museum has worked to help tourists and locals explore the city of Warsaw and its [&hellip;]\" \/>\n<meta property=\"og:url\" content=\"https:\/\/muzeumwarszawy.pl\/en\/about-the-museum\/\" \/>\n<meta property=\"og:site_name\" content=\"Muzeum Warszawy\" \/>\n<meta property=\"article:publisher\" content=\"https:\/\/www.facebook.com\/muzeum.warszawy\/\" \/>\n<meta property=\"article:modified_time\" content=\"2024-03-18T14:45:51+00:00\" \/>\n<meta property=\"og:image\" content=\"http:\/\/muzeumwarszawy.pl\/wp-content\/uploads\/2017\/02\/mapka-EN-1.jpg\" \/>\n<meta name=\"twitter:card\" content=\"summary_large_image\" \/>\n<meta name=\"twitter:site\" content=\"@muzeumwarszawy\" \/>\n<meta name=\"twitter:label1\" content=\"Est. reading time\" \/>\n\t<meta name=\"twitter:data1\" content=\"4 minutes\" \/>\n<script type=\"application\/ld+json\" class=\"yoast-schema-graph\">{\"@context\":\"https:\\\/\\\/schema.org\",\"@graph\":[{\"@type\":\"WebPage\",\"@id\":\"https:\\\/\\\/muzeumwarszawy.pl\\\/en\\\/about-the-museum\\\/\",\"url\":\"https:\\\/\\\/muzeumwarszawy.pl\\\/en\\\/about-the-museum\\\/\",\"name\":\"About the museum | Muzeum Warszawy\",\"isPartOf\":{\"@id\":\"https:\\\/\\\/muzeumwarszawy.pl\\\/#website\"},\"primaryImageOfPage\":{\"@id\":\"https:\\\/\\\/muzeumwarszawy.pl\\\/en\\\/about-the-museum\\\/#primaryimage\"},\"image\":{\"@id\":\"https:\\\/\\\/muzeumwarszawy.pl\\\/en\\\/about-the-museum\\\/#primaryimage\"},\"thumbnailUrl\":\"http:\\\/\\\/muzeumwarszawy.pl\\\/wp-content\\\/uploads\\\/2017\\\/02\\\/mapka-EN-1.jpg\",\"datePublished\":\"2017-02-17T14:37:17+00:00\",\"dateModified\":\"2024-03-18T14:45:51+00:00\",\"breadcrumb\":{\"@id\":\"https:\\\/\\\/muzeumwarszawy.pl\\\/en\\\/about-the-museum\\\/#breadcrumb\"},\"inLanguage\":\"en-US\",\"potentialAction\":[{\"@type\":\"ReadAction\",\"target\":[\"https:\\\/\\\/muzeumwarszawy.pl\\\/en\\\/about-the-museum\\\/\"]}]},{\"@type\":\"ImageObject\",\"inLanguage\":\"en-US\",\"@id\":\"https:\\\/\\\/muzeumwarszawy.pl\\\/en\\\/about-the-museum\\\/#primaryimage\",\"url\":\"http:\\\/\\\/muzeumwarszawy.pl\\\/wp-content\\\/uploads\\\/2017\\\/02\\\/mapka-EN-1.jpg\",\"contentUrl\":\"http:\\\/\\\/muzeumwarszawy.pl\\\/wp-content\\\/uploads\\\/2017\\\/02\\\/mapka-EN-1.jpg\"},{\"@type\":\"BreadcrumbList\",\"@id\":\"https:\\\/\\\/muzeumwarszawy.pl\\\/en\\\/about-the-museum\\\/#breadcrumb\",\"itemListElement\":[{\"@type\":\"ListItem\",\"position\":1,\"name\":\"Home\",\"item\":\"https:\\\/\\\/muzeumwarszawy.pl\\\/en\\\/\"},{\"@type\":\"ListItem\",\"position\":2,\"name\":\"About the museum\"}]},{\"@type\":\"WebSite\",\"@id\":\"https:\\\/\\\/muzeumwarszawy.pl\\\/#website\",\"url\":\"https:\\\/\\\/muzeumwarszawy.pl\\\/\",\"name\":\"Muzeum Warszawy\",\"description\":\"Od 80 lat misj\u0105 Muzeum Warszawy jest gromadzenie, przechowywanie, opracowywanie i udost\u0119pnianie zbior\u00f3w zwi\u0105zanych z Warszaw\u0105. Prowadz\u0105c dzia\u0142alno\u015b\u0107 wystawiennicz\u0105, badawcz\u0105, wydawnicz\u0105, edukacyjn\u0105 oraz kulturaln\u0105, muzeum towarzyszy odbiorcom w poznawaniu fenomenu Warszawy.\",\"publisher\":{\"@id\":\"https:\\\/\\\/muzeumwarszawy.pl\\\/#organization\"},\"potentialAction\":[{\"@type\":\"SearchAction\",\"target\":{\"@type\":\"EntryPoint\",\"urlTemplate\":\"https:\\\/\\\/muzeumwarszawy.pl\\\/?s={search_term_string}\"},\"query-input\":{\"@type\":\"PropertyValueSpecification\",\"valueRequired\":true,\"valueName\":\"search_term_string\"}}],\"inLanguage\":\"en-US\"},{\"@type\":\"Organization\",\"@id\":\"https:\\\/\\\/muzeumwarszawy.pl\\\/#organization\",\"name\":\"Muzeum Warszawy\",\"url\":\"https:\\\/\\\/muzeumwarszawy.pl\\\/\",\"logo\":{\"@type\":\"ImageObject\",\"inLanguage\":\"en-US\",\"@id\":\"https:\\\/\\\/muzeumwarszawy.pl\\\/#\\\/schema\\\/logo\\\/image\\\/\",\"url\":\"https:\\\/\\\/muzeumwarszawy.pl\\\/wp-content\\\/uploads\\\/2019\\\/09\\\/mw_logo.png\",\"contentUrl\":\"https:\\\/\\\/muzeumwarszawy.pl\\\/wp-content\\\/uploads\\\/2019\\\/09\\\/mw_logo.png\",\"width\":900,\"height\":900,\"caption\":\"Muzeum Warszawy\"},\"image\":{\"@id\":\"https:\\\/\\\/muzeumwarszawy.pl\\\/#\\\/schema\\\/logo\\\/image\\\/\"},\"sameAs\":[\"https:\\\/\\\/www.facebook.com\\\/muzeum.warszawy\\\/\",\"https:\\\/\\\/x.com\\\/muzeumwarszawy\",\"https:\\\/\\\/www.instagram.com\\\/muzeumwarszawy\\\/\",\"https:\\\/\\\/www.youtube.com\\\/channel\\\/UCcpFm6UFnUofszAU6bSGEng\\\/featured\",\"https:\\\/\\\/pl.wikipedia.org\\\/wiki\\\/Muzeum_Warszawy\"]}]}<\/script>\n<!-- \/ Yoast SEO plugin. -->","yoast_head_json":{"title":"About the museum | Muzeum Warszawy","robots":{"index":"index","follow":"follow","max-snippet":"max-snippet:-1","max-image-preview":"max-image-preview:large","max-video-preview":"max-video-preview:-1"},"canonical":"https:\/\/muzeumwarszawy.pl\/en\/about-the-museum\/","og_locale":"en_US","og_type":"article","og_title":"About the museum | Muzeum Warszawy","og_description":"In 2016, the Museum of Warsaw celebrated its 80th anniversary. Since its foundation in 1936, the Museum\u2019s mission has been to collect, preserve, research and exhibit varsaviana. Through numerous exhibitions, research, publishing as well as educational and cultural activities, the Museum has worked to help tourists and locals explore the city of Warsaw and its [&hellip;]","og_url":"https:\/\/muzeumwarszawy.pl\/en\/about-the-museum\/","og_site_name":"Muzeum Warszawy","article_publisher":"https:\/\/www.facebook.com\/muzeum.warszawy\/","article_modified_time":"2024-03-18T14:45:51+00:00","og_image":[{"url":"http:\/\/muzeumwarszawy.pl\/wp-content\/uploads\/2017\/02\/mapka-EN-1.jpg","type":"","width":"","height":""}],"twitter_card":"summary_large_image","twitter_site":"@muzeumwarszawy","twitter_misc":{"Est. reading time":"4 minutes"},"schema":{"@context":"https:\/\/schema.org","@graph":[{"@type":"WebPage","@id":"https:\/\/muzeumwarszawy.pl\/en\/about-the-museum\/","url":"https:\/\/muzeumwarszawy.pl\/en\/about-the-museum\/","name":"About the museum | Muzeum Warszawy","isPartOf":{"@id":"https:\/\/muzeumwarszawy.pl\/#website"},"primaryImageOfPage":{"@id":"https:\/\/muzeumwarszawy.pl\/en\/about-the-museum\/#primaryimage"},"image":{"@id":"https:\/\/muzeumwarszawy.pl\/en\/about-the-museum\/#primaryimage"},"thumbnailUrl":"http:\/\/muzeumwarszawy.pl\/wp-content\/uploads\/2017\/02\/mapka-EN-1.jpg","datePublished":"2017-02-17T14:37:17+00:00","dateModified":"2024-03-18T14:45:51+00:00","breadcrumb":{"@id":"https:\/\/muzeumwarszawy.pl\/en\/about-the-museum\/#breadcrumb"},"inLanguage":"en-US","potentialAction":[{"@type":"ReadAction","target":["https:\/\/muzeumwarszawy.pl\/en\/about-the-museum\/"]}]},{"@type":"ImageObject","inLanguage":"en-US","@id":"https:\/\/muzeumwarszawy.pl\/en\/about-the-museum\/#primaryimage","url":"http:\/\/muzeumwarszawy.pl\/wp-content\/uploads\/2017\/02\/mapka-EN-1.jpg","contentUrl":"http:\/\/muzeumwarszawy.pl\/wp-content\/uploads\/2017\/02\/mapka-EN-1.jpg"},{"@type":"BreadcrumbList","@id":"https:\/\/muzeumwarszawy.pl\/en\/about-the-museum\/#breadcrumb","itemListElement":[{"@type":"ListItem","position":1,"name":"Home","item":"https:\/\/muzeumwarszawy.pl\/en\/"},{"@type":"ListItem","position":2,"name":"About the museum"}]},{"@type":"WebSite","@id":"https:\/\/muzeumwarszawy.pl\/#website","url":"https:\/\/muzeumwarszawy.pl\/","name":"Muzeum Warszawy","description":"Od 80 lat misj\u0105 Muzeum Warszawy jest gromadzenie, przechowywanie, opracowywanie i udost\u0119pnianie zbior\u00f3w zwi\u0105zanych z Warszaw\u0105. Prowadz\u0105c dzia\u0142alno\u015b\u0107 wystawiennicz\u0105, badawcz\u0105, wydawnicz\u0105, edukacyjn\u0105 oraz kulturaln\u0105, muzeum towarzyszy odbiorcom w poznawaniu fenomenu Warszawy.","publisher":{"@id":"https:\/\/muzeumwarszawy.pl\/#organization"},"potentialAction":[{"@type":"SearchAction","target":{"@type":"EntryPoint","urlTemplate":"https:\/\/muzeumwarszawy.pl\/?s={search_term_string}"},"query-input":{"@type":"PropertyValueSpecification","valueRequired":true,"valueName":"search_term_string"}}],"inLanguage":"en-US"},{"@type":"Organization","@id":"https:\/\/muzeumwarszawy.pl\/#organization","name":"Muzeum Warszawy","url":"https:\/\/muzeumwarszawy.pl\/","logo":{"@type":"ImageObject","inLanguage":"en-US","@id":"https:\/\/muzeumwarszawy.pl\/#\/schema\/logo\/image\/","url":"https:\/\/muzeumwarszawy.pl\/wp-content\/uploads\/2019\/09\/mw_logo.png","contentUrl":"https:\/\/muzeumwarszawy.pl\/wp-content\/uploads\/2019\/09\/mw_logo.png","width":900,"height":900,"caption":"Muzeum Warszawy"},"image":{"@id":"https:\/\/muzeumwarszawy.pl\/#\/schema\/logo\/image\/"},"sameAs":["https:\/\/www.facebook.com\/muzeum.warszawy\/","https:\/\/x.com\/muzeumwarszawy","https:\/\/www.instagram.com\/muzeumwarszawy\/","https:\/\/www.youtube.com\/channel\/UCcpFm6UFnUofszAU6bSGEng\/featured","https:\/\/pl.wikipedia.org\/wiki\/Muzeum_Warszawy"]}]}},"_links":{"self":[{"href":"https:\/\/muzeumwarszawy.pl\/en\/wp-json\/wp\/v2\/pages\/15611","targetHints":{"allow":["GET"]}}],"collection":[{"href":"https:\/\/muzeumwarszawy.pl\/en\/wp-json\/wp\/v2\/pages"}],"about":[{"href":"https:\/\/muzeumwarszawy.pl\/en\/wp-json\/wp\/v2\/types\/page"}],"author":[{"embeddable":true,"href":"https:\/\/muzeumwarszawy.pl\/en\/wp-json\/wp\/v2\/users\/5"}],"replies":[{"embeddable":true,"href":"https:\/\/muzeumwarszawy.pl\/en\/wp-json\/wp\/v2\/comments?post=15611"}],"version-history":[{"count":15,"href":"https:\/\/muzeumwarszawy.pl\/en\/wp-json\/wp\/v2\/pages\/15611\/revisions"}],"predecessor-version":[{"id":89399,"href":"https:\/\/muzeumwarszawy.pl\/en\/wp-json\/wp\/v2\/pages\/15611\/revisions\/89399"}],"wp:attachment":[{"href":"https:\/\/muzeumwarszawy.pl\/en\/wp-json\/wp\/v2\/media?parent=15611"}],"curies":[{"name":"wp","href":"https:\/\/api.w.org\/{rel}","templated":true}]}}