{"id":15685,"date":"2017-03-11T14:46:45","date_gmt":"2017-03-11T13:46:45","guid":{"rendered":"http:\/\/www.muzeumwarszawy.pl\/?page_id=15685\/"},"modified":"2017-03-11T15:05:02","modified_gmt":"2017-03-11T14:05:02","slug":"warsaw-almanac","status":"publish","type":"page","link":"https:\/\/muzeumwarszawy.pl\/en\/warsaw-almanac\/","title":{"rendered":"Warsaw Almanac"},"content":{"rendered":"<p>The<em> Warsaw Almanac<\/em> (formerly <em>Museum Almanac<\/em>) is a periodical title published since 1997, initially irregularly and since 2013 annually. It contains research and materials concerning archaeology, history, architecture, material and artistic culture of Warsaw and other topics in the general field of humanities, authored by regular employees and associate authors. Among the papers published in the periodical there are also works on the subject of the Museum, whose subject matter naturally does not reflect the full scope of research interests of the institution\u2019s staff, but provides an insight into the variety of studies carried out in the recent years by the Museum\u2019s departments and employees. <em>Almanac <\/em>has been published annually since 2013 and has been partially translated into English since 2015.<\/p>\n<ul>\n<li><a href=\"http:\/\/www.muzeumwarszawy.pl\/en\/warsaw-almanac\/recent-issue\/\">Recent issue<\/a><\/li>\n<li><a href=\"http:\/\/www.muzeumwarszawy.pl\/en\/warsaw-almanac\/archival-issues\/\">Archival issues<\/a><\/li>\n<li><a href=\"http:\/\/www.muzeumwarszawy.pl\/en\/warsaw-almanac\/editorial-staff\/\">Editorial staff<\/a><\/li>\n<li><a href=\"http:\/\/www.muzeumwarszawy.pl\/en\/warsaw-almanac\/for-authors\/\">For authors<\/a><\/li>\n<\/ul>\n<p>Basic version of the issue: electronic<br \/>\nAnnual<br \/>\nLanguage: Polish and English<br \/>\nEnglish title: Warsaw Almanac<br \/>\nISSN (vol. 1-6): 1507-6466<br \/>\nISBN (vol. 7): 978-83-62189-29-8<\/p>\n<p>ISSN (from vol. 8) of the print version 2449-6650<\/p>\n<p>e-ISSN 2460-2952<\/p>\n<p><strong>The editorial staff accepts paper submissions until 31 March of each year.<\/strong><\/p>\n","protected":false},"excerpt":{"rendered":"<p>The Warsaw Almanac (formerly Museum Almanac) is a periodical title published since 1997, initially irregularly and since 2013 annually. It contains research and materials concerning archaeology, history, architecture, material and artistic culture of Warsaw and other topics in the general field of humanities, authored by regular employees and associate authors. Among the papers published in [&hellip;]<\/p>\n","protected":false},"author":5,"featured_media":0,"parent":0,"menu_order":0,"comment_status":"closed","ping_status":"closed","template":"p-default.php","meta":{"_acf_changed":false,"footnotes":""},"class_list":["post-15685","page","type-page","status-publish","hentry"],"acf":[],"yoast_head":"<!-- This site is optimized with the Yoast SEO plugin v27.3 - https:\/\/yoast.com\/product\/yoast-seo-wordpress\/ -->\n<title>Warsaw Almanac | Muzeum Warszawy<\/title>\n<meta name=\"robots\" content=\"index, follow, max-snippet:-1, max-image-preview:large, max-video-preview:-1\" \/>\n<link rel=\"canonical\" href=\"https:\/\/muzeumwarszawy.pl\/en\/warsaw-almanac\/\" \/>\n<meta property=\"og:locale\" content=\"en_US\" \/>\n<meta property=\"og:type\" content=\"article\" \/>\n<meta property=\"og:title\" content=\"Warsaw Almanac | Muzeum Warszawy\" \/>\n<meta property=\"og:description\" content=\"The Warsaw Almanac (formerly Museum Almanac) is a periodical title published since 1997, initially irregularly and since 2013 annually. It contains research and materials concerning archaeology, history, architecture, material and artistic culture of Warsaw and other topics in the general field of humanities, authored by regular employees and associate authors. Among the papers published in [&hellip;]\" \/>\n<meta property=\"og:url\" content=\"https:\/\/muzeumwarszawy.pl\/en\/warsaw-almanac\/\" \/>\n<meta property=\"og:site_name\" content=\"Muzeum Warszawy\" \/>\n<meta property=\"article:publisher\" content=\"https:\/\/www.facebook.com\/muzeum.warszawy\/\" \/>\n<meta property=\"article:modified_time\" content=\"2017-03-11T14:05:02+00:00\" \/>\n<meta property=\"og:image\" content=\"https:\/\/muzeumwarszawy.pl\/wp-content\/uploads\/2018\/05\/Muzeum-Warszawy-1920x1289.jpg\" \/>\n\t<meta property=\"og:image:width\" content=\"1920\" \/>\n\t<meta property=\"og:image:height\" content=\"1289\" \/>\n\t<meta property=\"og:image:type\" content=\"image\/jpeg\" \/>\n<meta name=\"twitter:card\" content=\"summary_large_image\" \/>\n<meta name=\"twitter:site\" content=\"@muzeumwarszawy\" \/>\n<meta name=\"twitter:label1\" content=\"Est. reading time\" \/>\n\t<meta name=\"twitter:data1\" content=\"1 minute\" \/>\n<script type=\"application\/ld+json\" class=\"yoast-schema-graph\">{\"@context\":\"https:\\\/\\\/schema.org\",\"@graph\":[{\"@type\":\"WebPage\",\"@id\":\"https:\\\/\\\/muzeumwarszawy.pl\\\/en\\\/warsaw-almanac\\\/\",\"url\":\"https:\\\/\\\/muzeumwarszawy.pl\\\/en\\\/warsaw-almanac\\\/\",\"name\":\"Warsaw Almanac | Muzeum Warszawy\",\"isPartOf\":{\"@id\":\"https:\\\/\\\/muzeumwarszawy.pl\\\/#website\"},\"datePublished\":\"2017-03-11T13:46:45+00:00\",\"dateModified\":\"2017-03-11T14:05:02+00:00\",\"breadcrumb\":{\"@id\":\"https:\\\/\\\/muzeumwarszawy.pl\\\/en\\\/warsaw-almanac\\\/#breadcrumb\"},\"inLanguage\":\"en-US\",\"potentialAction\":[{\"@type\":\"ReadAction\",\"target\":[\"https:\\\/\\\/muzeumwarszawy.pl\\\/en\\\/warsaw-almanac\\\/\"]}]},{\"@type\":\"BreadcrumbList\",\"@id\":\"https:\\\/\\\/muzeumwarszawy.pl\\\/en\\\/warsaw-almanac\\\/#breadcrumb\",\"itemListElement\":[{\"@type\":\"ListItem\",\"position\":1,\"name\":\"Home\",\"item\":\"https:\\\/\\\/muzeumwarszawy.pl\\\/en\\\/\"},{\"@type\":\"ListItem\",\"position\":2,\"name\":\"Warsaw Almanac\"}]},{\"@type\":\"WebSite\",\"@id\":\"https:\\\/\\\/muzeumwarszawy.pl\\\/#website\",\"url\":\"https:\\\/\\\/muzeumwarszawy.pl\\\/\",\"name\":\"Muzeum Warszawy\",\"description\":\"Od 80 lat misj\u0105 Muzeum Warszawy jest gromadzenie, przechowywanie, opracowywanie i udost\u0119pnianie zbior\u00f3w zwi\u0105zanych z Warszaw\u0105. Prowadz\u0105c dzia\u0142alno\u015b\u0107 wystawiennicz\u0105, badawcz\u0105, wydawnicz\u0105, edukacyjn\u0105 oraz kulturaln\u0105, muzeum towarzyszy odbiorcom w poznawaniu fenomenu Warszawy.\",\"publisher\":{\"@id\":\"https:\\\/\\\/muzeumwarszawy.pl\\\/#organization\"},\"potentialAction\":[{\"@type\":\"SearchAction\",\"target\":{\"@type\":\"EntryPoint\",\"urlTemplate\":\"https:\\\/\\\/muzeumwarszawy.pl\\\/?s={search_term_string}\"},\"query-input\":{\"@type\":\"PropertyValueSpecification\",\"valueRequired\":true,\"valueName\":\"search_term_string\"}}],\"inLanguage\":\"en-US\"},{\"@type\":\"Organization\",\"@id\":\"https:\\\/\\\/muzeumwarszawy.pl\\\/#organization\",\"name\":\"Muzeum Warszawy\",\"url\":\"https:\\\/\\\/muzeumwarszawy.pl\\\/\",\"logo\":{\"@type\":\"ImageObject\",\"inLanguage\":\"en-US\",\"@id\":\"https:\\\/\\\/muzeumwarszawy.pl\\\/#\\\/schema\\\/logo\\\/image\\\/\",\"url\":\"https:\\\/\\\/muzeumwarszawy.pl\\\/wp-content\\\/uploads\\\/2019\\\/09\\\/mw_logo.png\",\"contentUrl\":\"https:\\\/\\\/muzeumwarszawy.pl\\\/wp-content\\\/uploads\\\/2019\\\/09\\\/mw_logo.png\",\"width\":900,\"height\":900,\"caption\":\"Muzeum Warszawy\"},\"image\":{\"@id\":\"https:\\\/\\\/muzeumwarszawy.pl\\\/#\\\/schema\\\/logo\\\/image\\\/\"},\"sameAs\":[\"https:\\\/\\\/www.facebook.com\\\/muzeum.warszawy\\\/\",\"https:\\\/\\\/x.com\\\/muzeumwarszawy\",\"https:\\\/\\\/www.instagram.com\\\/muzeumwarszawy\\\/\",\"https:\\\/\\\/www.youtube.com\\\/channel\\\/UCcpFm6UFnUofszAU6bSGEng\\\/featured\",\"https:\\\/\\\/pl.wikipedia.org\\\/wiki\\\/Muzeum_Warszawy\"]}]}<\/script>\n<!-- \/ Yoast SEO plugin. -->","yoast_head_json":{"title":"Warsaw Almanac | Muzeum Warszawy","robots":{"index":"index","follow":"follow","max-snippet":"max-snippet:-1","max-image-preview":"max-image-preview:large","max-video-preview":"max-video-preview:-1"},"canonical":"https:\/\/muzeumwarszawy.pl\/en\/warsaw-almanac\/","og_locale":"en_US","og_type":"article","og_title":"Warsaw Almanac | Muzeum Warszawy","og_description":"The Warsaw Almanac (formerly Museum Almanac) is a periodical title published since 1997, initially irregularly and since 2013 annually. It contains research and materials concerning archaeology, history, architecture, material and artistic culture of Warsaw and other topics in the general field of humanities, authored by regular employees and associate authors. Among the papers published in [&hellip;]","og_url":"https:\/\/muzeumwarszawy.pl\/en\/warsaw-almanac\/","og_site_name":"Muzeum Warszawy","article_publisher":"https:\/\/www.facebook.com\/muzeum.warszawy\/","article_modified_time":"2017-03-11T14:05:02+00:00","og_image":[{"width":1920,"height":1289,"url":"https:\/\/muzeumwarszawy.pl\/wp-content\/uploads\/2018\/05\/Muzeum-Warszawy-1920x1289.jpg","type":"image\/jpeg"}],"twitter_card":"summary_large_image","twitter_site":"@muzeumwarszawy","twitter_misc":{"Est. reading time":"1 minute"},"schema":{"@context":"https:\/\/schema.org","@graph":[{"@type":"WebPage","@id":"https:\/\/muzeumwarszawy.pl\/en\/warsaw-almanac\/","url":"https:\/\/muzeumwarszawy.pl\/en\/warsaw-almanac\/","name":"Warsaw Almanac | Muzeum Warszawy","isPartOf":{"@id":"https:\/\/muzeumwarszawy.pl\/#website"},"datePublished":"2017-03-11T13:46:45+00:00","dateModified":"2017-03-11T14:05:02+00:00","breadcrumb":{"@id":"https:\/\/muzeumwarszawy.pl\/en\/warsaw-almanac\/#breadcrumb"},"inLanguage":"en-US","potentialAction":[{"@type":"ReadAction","target":["https:\/\/muzeumwarszawy.pl\/en\/warsaw-almanac\/"]}]},{"@type":"BreadcrumbList","@id":"https:\/\/muzeumwarszawy.pl\/en\/warsaw-almanac\/#breadcrumb","itemListElement":[{"@type":"ListItem","position":1,"name":"Home","item":"https:\/\/muzeumwarszawy.pl\/en\/"},{"@type":"ListItem","position":2,"name":"Warsaw Almanac"}]},{"@type":"WebSite","@id":"https:\/\/muzeumwarszawy.pl\/#website","url":"https:\/\/muzeumwarszawy.pl\/","name":"Muzeum Warszawy","description":"Od 80 lat misj\u0105 Muzeum Warszawy jest gromadzenie, przechowywanie, opracowywanie i udost\u0119pnianie zbior\u00f3w zwi\u0105zanych z Warszaw\u0105. Prowadz\u0105c dzia\u0142alno\u015b\u0107 wystawiennicz\u0105, badawcz\u0105, wydawnicz\u0105, edukacyjn\u0105 oraz kulturaln\u0105, muzeum towarzyszy odbiorcom w poznawaniu fenomenu Warszawy.","publisher":{"@id":"https:\/\/muzeumwarszawy.pl\/#organization"},"potentialAction":[{"@type":"SearchAction","target":{"@type":"EntryPoint","urlTemplate":"https:\/\/muzeumwarszawy.pl\/?s={search_term_string}"},"query-input":{"@type":"PropertyValueSpecification","valueRequired":true,"valueName":"search_term_string"}}],"inLanguage":"en-US"},{"@type":"Organization","@id":"https:\/\/muzeumwarszawy.pl\/#organization","name":"Muzeum Warszawy","url":"https:\/\/muzeumwarszawy.pl\/","logo":{"@type":"ImageObject","inLanguage":"en-US","@id":"https:\/\/muzeumwarszawy.pl\/#\/schema\/logo\/image\/","url":"https:\/\/muzeumwarszawy.pl\/wp-content\/uploads\/2019\/09\/mw_logo.png","contentUrl":"https:\/\/muzeumwarszawy.pl\/wp-content\/uploads\/2019\/09\/mw_logo.png","width":900,"height":900,"caption":"Muzeum Warszawy"},"image":{"@id":"https:\/\/muzeumwarszawy.pl\/#\/schema\/logo\/image\/"},"sameAs":["https:\/\/www.facebook.com\/muzeum.warszawy\/","https:\/\/x.com\/muzeumwarszawy","https:\/\/www.instagram.com\/muzeumwarszawy\/","https:\/\/www.youtube.com\/channel\/UCcpFm6UFnUofszAU6bSGEng\/featured","https:\/\/pl.wikipedia.org\/wiki\/Muzeum_Warszawy"]}]}},"_links":{"self":[{"href":"https:\/\/muzeumwarszawy.pl\/en\/wp-json\/wp\/v2\/pages\/15685","targetHints":{"allow":["GET"]}}],"collection":[{"href":"https:\/\/muzeumwarszawy.pl\/en\/wp-json\/wp\/v2\/pages"}],"about":[{"href":"https:\/\/muzeumwarszawy.pl\/en\/wp-json\/wp\/v2\/types\/page"}],"author":[{"embeddable":true,"href":"https:\/\/muzeumwarszawy.pl\/en\/wp-json\/wp\/v2\/users\/5"}],"replies":[{"embeddable":true,"href":"https:\/\/muzeumwarszawy.pl\/en\/wp-json\/wp\/v2\/comments?post=15685"}],"version-history":[{"count":6,"href":"https:\/\/muzeumwarszawy.pl\/en\/wp-json\/wp\/v2\/pages\/15685\/revisions"}],"predecessor-version":[{"id":15700,"href":"https:\/\/muzeumwarszawy.pl\/en\/wp-json\/wp\/v2\/pages\/15685\/revisions\/15700"}],"wp:attachment":[{"href":"https:\/\/muzeumwarszawy.pl\/en\/wp-json\/wp\/v2\/media?parent=15685"}],"curies":[{"name":"wp","href":"https:\/\/api.w.org\/{rel}","templated":true}]}}