{"id":15690,"date":"2017-03-11T14:54:35","date_gmt":"2017-03-11T13:54:35","guid":{"rendered":"http:\/\/www.muzeumwarszawy.pl\/?page_id=15690\/"},"modified":"2017-03-11T14:54:35","modified_gmt":"2017-03-11T13:54:35","slug":"recent-issue","status":"publish","type":"page","link":"https:\/\/muzeumwarszawy.pl\/en\/warsaw-almanac\/recent-issue\/","title":{"rendered":"Recent issue"},"content":{"rendered":"<div class=\"et_pb_text et_pb_bg_layout_light et_pb_text_align_left\">\n<h2>Spis tre\u015bci \/ Table of Contents<\/h2>\n<h3>Warszawa \/ Warsaw<\/h3>\n<p>Maciej Pie\u0144kowski, <em>Sejmik ziemi warszawskiej wobec problem\u00f3w wewn\u0119trznych Rzeczypospolitej za panowania W\u0142adys\u0142awa IV\u00a0<\/em><a href=\"http:\/\/almanach.muzeumwarszawy.pl\/wp-content\/uploads\/sites\/11\/2014\/07\/maciej_pie%C5%84kowski1.pdf\">[pobierz PDF]<\/a> \/ <em>Sejmik of the Warsaw land and the internal problems of the Commonwealth under the reign of W\u0142adys\u0142aw IV<\/em><\/p>\n<p>Miros\u0142aw Nagielski, <em>Bitwa warszawska 1656 roku<\/em>\u00a0<a href=\"http:\/\/almanach.muzeumwarszawy.pl\/wp-content\/uploads\/sites\/11\/2014\/07\/miros%C5%82aw_nagielski1.pdf\">[pobierz PDF]<\/a> \/ <em>Battle of Warsaw 1656 <\/em><a href=\"http:\/\/almanach.muzeumwarszawy.pl\/wp-content\/uploads\/sites\/11\/2014\/07\/miros%C5%82aw_nagielski_en1.pdf\">[PDF download]<\/a><em><br \/>\n<\/em><\/p>\n<p>Andrzej Adam Majewski, <em>Elekcja Jana Sobieskiego na tron Rzeczypospolitej w 1674 roku\u00a0<\/em><a href=\"http:\/\/almanach.muzeumwarszawy.pl\/wp-content\/uploads\/sites\/11\/2014\/07\/andrzej_adam_majewski1.pdf\">[pobierz PDF]<\/a> \/ <em>Jan Sobieski\u2019s Election to the King of the Polish-Lithuanian Commonwealth in 1674<\/em><\/p>\n<p>Marek Wagner, <em>Jan Hecker \u2013 aptekarz warszawski z po\u0142owy XVII wieku<\/em>\u00a0<a href=\"http:\/\/almanach.muzeumwarszawy.pl\/wp-content\/uploads\/sites\/11\/2014\/07\/marek_wagner1.pdf\">[pobierz PDF]<\/a> \/ <em>Jan Hecker \u2013 a pharmacist from the mid-17th century Warsaw <\/em><a href=\"http:\/\/almanach.muzeumwarszawy.pl\/wp-content\/uploads\/sites\/11\/2014\/07\/marek_wagner_en1.pdf\">[PDF download]<\/a><em><br \/>\n<\/em><\/p>\n<p>Adam Kowalik, <em>Warszawski odpust emaus doby Kr\u00f3lestwa Kongresowego<\/em>\u00a0<a href=\"http:\/\/almanach.muzeumwarszawy.pl\/wp-content\/uploads\/sites\/11\/2014\/07\/adam_kowalik1.pdf\">[pobierz PDF]<\/a> \/ <em>The Warsaw Emaus indulgence at the period of the Congress Kingdom<\/em><\/p>\n<p>Keya Thakur-Smolarek, <em>German entrepreneurs in Warsaw during 19th century <\/em><a href=\"http:\/\/almanach.muzeumwarszawy.pl\/wp-content\/uploads\/sites\/11\/2014\/07\/keya_thakur_smolarek1.pdf\">[PDF download]<\/a><em><br \/>\n<\/em><\/p>\n<p>Aleksander \u0141upienko,\u00a0<em>Warszawska kwestia mieszkaniowa w debacie prasowej z lat 1864-1905<\/em> <a href=\"http:\/\/almanach.muzeumwarszawy.pl\/wp-content\/uploads\/sites\/11\/2014\/07\/aleksander_%C5%82upienko.pdf\">[pobierz PDF]<\/a> \/ <em>The Warsaw Housing Issue in Public Debate <\/em><a href=\"http:\/\/almanach.muzeumwarszawy.pl\/wp-content\/uploads\/sites\/11\/2014\/07\/aleksander_%C5%82upienko_en1.pdf\">[PDF download]<\/a><em><br \/>\n<\/em><\/p>\n<p>Aleksandra Jakubczak, <em>Hebrajskoj\u0119zyczna prasa w Warszawie do 1905 roku\u00a0<\/em><a href=\"http:\/\/almanach.muzeumwarszawy.pl\/wp-content\/uploads\/sites\/11\/2014\/07\/aleksandra_jakubczak.pdf\">[pobierz PDF]<\/a> \/ <em>Hebrew language press in Warsaw until 1905 <\/em><a href=\"http:\/\/almanach.muzeumwarszawy.pl\/wp-content\/uploads\/sites\/11\/2014\/07\/aleksandra_jakubczak_en.pdf\">[PDF download]<\/a><em><br \/>\n<\/em><\/p>\n<p>Maria Ejchman, <em>Fornarina z Warszawy. Mydlany interes, czyli dochodzenie w sprawie firmy Gustawa Stuermera<\/em>\u00a0<a href=\"http:\/\/almanach.muzeumwarszawy.pl\/wp-content\/uploads\/sites\/11\/2014\/07\/maria_ejchman1.pdf\">[pobierz PDF]<\/a> \/ <em>Fornarina of Warsaw. The soap business, or an inquiry in the case of the Gustav Stuermer company<\/em><\/p>\n<p>Ma\u0142gorzata Omilanowska, <em>Wok\u00f3\u0142 Teatru Wielkiego. Od Marywilu do Pasa\u017cu Luxenburga\u00a0<\/em><a href=\"http:\/\/almanach.muzeumwarszawy.pl\/wp-content\/uploads\/sites\/11\/2014\/07\/ma%C5%82gorzata_omilanowska.pdf\">[pobierz PDF]<\/a> \/ <em>The Vicinity of Grand Theatre. From Marywil to Luxenburg Arcade<\/em><\/p>\n<p>Jolanta Niklewska, <em>M\u0142odzie\u017c szk\u00f3\u0142 \u015brednich w Warszawie u progu I wojny \u015bwiatowej\u00a0<\/em><a href=\"http:\/\/almanach.muzeumwarszawy.pl\/wp-content\/uploads\/sites\/11\/2014\/07\/jolanta_niklewska.pdf\">[pobierz PDF]<\/a> \/ <em>Youth at Warsaw High Schools prior to the Outbreak of World War I<\/em><\/p>\n<p>Pawe\u0142 Rzewuski, <em>J\u00f3zef \u0141okietek vel \u201eDoktor \u0141okietek\u201d. Mi\u0119dzy polityk\u0105 a \u015bwiatem przest\u0119pczym<\/em>\u00a0<a href=\"http:\/\/almanach.muzeumwarszawy.pl\/wp-content\/uploads\/sites\/11\/2014\/07\/pawe%C5%82_rzewuski.pdf\">[pobierz PDF]<\/a> \/ <em>J\u00f3zef \u0141okietek aka \u201eDr \u0141okietek\u201d. In between politics and the underworld<\/em><\/p>\n<p>Micha\u0142 Studniarek, <em>\u201eNie b\u00f3jcie si\u0119, my te\u017c bunkrowcy!\u201d. Relacje mi\u0119dzyludzkie w\u015br\u00f3d warszawskich Robinson\u00f3w. Przyczynek do bada\u0144<\/em>\u00a0<a href=\"http:\/\/almanach.muzeumwarszawy.pl\/wp-content\/uploads\/sites\/11\/2014\/07\/micha%C5%82_studniarek.pdf\">[pobierz PDF]<\/a> \/ <em>\u201eFear not! We too are from the bunkers!\u201d. Relations among the Robinsons of Warsaw. A study case<\/em><\/p>\n<p>Ewa Perli\u0144ska-Kobierzy\u0144ska, <em>Komisja Rzeczoznawc\u00f3w Urbanistycznych i okupacyjna wizja przekszta\u0142ce\u0144 Warszawy<\/em>\u00a0<a href=\"http:\/\/almanach.muzeumwarszawy.pl\/wp-content\/uploads\/sites\/11\/2014\/07\/ewa_perli%C5%84ska_kobierzy%C5%84ska.pdf\">[pobierz PDF]<\/a> \/ <em>Urban Planning Experts Commission and its vision of transforming Warsaw <\/em><a href=\"http:\/\/almanach.muzeumwarszawy.pl\/wp-content\/uploads\/sites\/11\/2014\/07\/ewa_perli%C5%84ska_kobierzy%C5%84ska_en1.pdf\">[PDF download]<\/a><em><br \/>\n<\/em><\/p>\n<h3>Muzeum \/ Museum<\/h3>\n<p>Marcin Wi\u0119cek, <em>Naczynia apteczne z ko\u0144ca XVIII wieku w zbiorach Muzeum Farmacji (oddzia\u0142 Muzeum Warszawy)\u00a0<\/em><a href=\"http:\/\/almanach.muzeumwarszawy.pl\/wp-content\/uploads\/sites\/11\/2014\/07\/marcin_wi%C4%99cek1.pdf\">[pobierz PDF]<\/a> \/ <em>Pharmacy receptacles from the late 18th century in the Museum of Pharmacy collection (Division of the Museum of Warsaw)<\/em><\/p>\n<p>Monika Siwi\u0144ska, <em>Fabryka Wyrob\u00f3w Srebrnych Karola Filipa Malcza na tle kolekcji sreber Muzeum Warszawy<\/em>\u00a0<a href=\"http:\/\/almanach.muzeumwarszawy.pl\/wp-content\/uploads\/sites\/11\/2014\/07\/monika_siwi%C5%84ska.pdf\">[pobierz PDF]<\/a> \/ <em>Karol Filip Malcz silverware manufacture against the silverware collection of the Museum of Warsaw<\/em><\/p>\n<p>Agnieszka D\u0105browska, <em>O modzie w Warszawie. Projektantka Gra\u017cyna Hase\u00a0<\/em><a href=\"http:\/\/almanach.muzeumwarszawy.pl\/wp-content\/uploads\/sites\/11\/2014\/07\/agnieszka_d%C4%85browska1.pdf\">[pobierz PDF]<\/a> \/ <em>Fashion in Warsaw \u2013 fashion designer Gra\u017cyna Hase<\/em><\/p>\n<p>Adam Przywara, <em>Dzie\u0142o sztuki w dobie reprodukcji cyfrowej<\/em>\u00a0<a href=\"http:\/\/almanach.muzeumwarszawy.pl\/wp-content\/uploads\/sites\/11\/2014\/07\/adam_przywara1.pdf\">[pobierz PDF]<\/a> \/ <em>Artwork in the era of digital reproduction <\/em><a href=\"http:\/\/almanach.muzeumwarszawy.pl\/wp-content\/uploads\/sites\/11\/2014\/07\/adam_przywara_en.pdf\">[PDF download]<\/a><em><br \/>\n<\/em><\/p>\n<p>Agnieszka D\u0105browska, <em>Galanteria patriotyczna \u2013 nowe nabytki do kolekcji pami\u0105tek historycznych Muzeum Warszawy\u00a0<\/em><a href=\"http:\/\/almanach.muzeumwarszawy.pl\/wp-content\/uploads\/sites\/11\/2014\/07\/agnieszka_d%C4%85browska_galanteria.pdf\">[pobierz PDF]<\/a> \/ <em>Patriotic accessories \u2013 new acquisitions to the collection of historic keepsakes at the Museum of Warsaw<\/em><\/p>\n<p>Agnieszka Rozciecha, Aleksandra R\u00f3\u017cycka, <em>Dorobek artystyczny Olgierda Szlekysa w zbiorach Muzeum Warszawy\u00a0<\/em><a href=\"http:\/\/almanach.muzeumwarszawy.pl\/wp-content\/uploads\/sites\/11\/2014\/07\/agnieszka_rozciecha_aleksandra_r%C3%B3%C5%BCycka1.pdf\">[pobierz PDF]<\/a> \/ <em>Artistic output of Olgierd Szlekys at the Museum of Warsaw collection<\/em><\/p>\n<p>Krzysztof Mordy\u0144ski, <em>Tworzenie ekspozycji muzeum uczelnianego w zabytkowym Pa\u0142acu Tyszkiewicz\u00f3w-Potockich. Koncepcje, dylematy, rozwi\u0105zania<\/em>\u00a0<a href=\"http:\/\/almanach.muzeumwarszawy.pl\/wp-content\/uploads\/sites\/11\/2014\/07\/krzysztof_mordy%C5%84ski.pdf\">[pobierz PDF]<\/a> \/ <em>Creating the University Museum exposition at the Historic Palace of the Tyszkiewicz-Potocki Family. Ideas, Dilemmas, Solutions<\/em><\/p>\n<h3>Recenzje i om\u00f3wienia \/ Reviews<\/h3>\n<p>Recenzja ksi\u0105\u017cki Grzegorz Pi\u0105tka \u201eSanator\u201d (Warszawa 2016) | Micha\u0142 Przeperski <a href=\"http:\/\/almanach.muzeumwarszawy.pl\/wp-content\/uploads\/sites\/11\/2014\/07\/micha%C5%82_przeperski1.pdf\">[pobierz PDF]<\/a><\/p>\n<p>Recenzja ksi\u0105\u017cki M. Szarejko \u201eZaduch. Reporta\u017ce o obco\u015bci\u201d (Warszawa 2015) | Agnieszka Witkowska-Krych <a href=\"http:\/\/almanach.muzeumwarszawy.pl\/wp-content\/uploads\/sites\/11\/2014\/07\/agnieszka_witkowska_krych.pdf\">[pobierz PDF]<\/a><\/p>\n<h3>Varia<\/h3>\n<p>Hannes Larusson, <em>The Icelandic Farmstead <\/em><a href=\"http:\/\/almanach.muzeumwarszawy.pl\/wp-content\/uploads\/sites\/11\/2014\/07\/hannes_larusson1.pdf\">[PDF download]<\/a><em><br \/>\n<\/em><\/p>\n<p>Zbigniew Tucholski, <em>Nieznany plan budynku stacji Warszawskich Kolei Dojazdowych Warszawa Belweder<\/em>\u00a0<a href=\"http:\/\/almanach.muzeumwarszawy.pl\/wp-content\/uploads\/sites\/11\/2014\/07\/zbigniew_tucholski1.pdf\">[pobierz PDF]<\/a> \/ <em>Unknown layout of the building of the Warszawa Belweder Warsaw Commuter Railway Station<\/em><\/p>\n<p>Autorzy \/ Authors <a href=\"http:\/\/almanach.muzeumwarszawy.pl\/wp-content\/uploads\/sites\/11\/2014\/07\/autorzy1.pdf\">[pobierz PDF]<\/a><\/p>\n<\/div>\n","protected":false},"excerpt":{"rendered":"<p>Spis tre\u015bci \/ Table of Contents Warszawa \/ Warsaw Maciej Pie\u0144kowski, Sejmik ziemi warszawskiej wobec problem\u00f3w wewn\u0119trznych Rzeczypospolitej za panowania W\u0142adys\u0142awa IV\u00a0[pobierz PDF] \/ Sejmik of the Warsaw land and the internal problems of the Commonwealth under the reign of W\u0142adys\u0142aw IV Miros\u0142aw Nagielski, Bitwa warszawska 1656 roku\u00a0[pobierz PDF] \/ Battle of Warsaw 1656 [PDF [&hellip;]<\/p>\n","protected":false},"author":5,"featured_media":0,"parent":15685,"menu_order":1,"comment_status":"closed","ping_status":"closed","template":"p-default.php","meta":{"_acf_changed":false,"footnotes":""},"class_list":["post-15690","page","type-page","status-publish","hentry"],"acf":[],"yoast_head":"<!-- This site is optimized with the Yoast SEO plugin v27.5 - https:\/\/yoast.com\/product\/yoast-seo-wordpress\/ -->\n<title>Recent issue | Muzeum Warszawy<\/title>\n<meta name=\"robots\" content=\"index, follow, max-snippet:-1, max-image-preview:large, max-video-preview:-1\" \/>\n<link rel=\"canonical\" href=\"https:\/\/muzeumwarszawy.pl\/en\/warsaw-almanac\/recent-issue\/\" \/>\n<meta property=\"og:locale\" content=\"en_US\" \/>\n<meta property=\"og:type\" content=\"article\" \/>\n<meta property=\"og:title\" content=\"Recent issue | Muzeum Warszawy\" \/>\n<meta property=\"og:description\" content=\"Spis tre\u015bci \/ Table of Contents Warszawa \/ Warsaw Maciej Pie\u0144kowski, Sejmik ziemi warszawskiej wobec problem\u00f3w wewn\u0119trznych Rzeczypospolitej za panowania W\u0142adys\u0142awa IV\u00a0[pobierz PDF] \/ Sejmik of the Warsaw land and the internal problems of the Commonwealth under the reign of W\u0142adys\u0142aw IV Miros\u0142aw Nagielski, Bitwa warszawska 1656 roku\u00a0[pobierz PDF] \/ Battle of Warsaw 1656 [PDF [&hellip;]\" \/>\n<meta property=\"og:url\" content=\"https:\/\/muzeumwarszawy.pl\/en\/warsaw-almanac\/recent-issue\/\" \/>\n<meta property=\"og:site_name\" content=\"Muzeum Warszawy\" \/>\n<meta property=\"article:publisher\" content=\"https:\/\/www.facebook.com\/muzeum.warszawy\/\" \/>\n<meta property=\"og:image\" content=\"https:\/\/muzeumwarszawy.pl\/wp-content\/uploads\/2018\/05\/Muzeum-Warszawy-1920x1289.jpg\" \/>\n\t<meta property=\"og:image:width\" content=\"1920\" \/>\n\t<meta property=\"og:image:height\" content=\"1289\" \/>\n\t<meta property=\"og:image:type\" content=\"image\/jpeg\" \/>\n<meta name=\"twitter:card\" content=\"summary_large_image\" \/>\n<meta name=\"twitter:site\" content=\"@muzeumwarszawy\" \/>\n<meta name=\"twitter:label1\" content=\"Est. reading time\" \/>\n\t<meta name=\"twitter:data1\" content=\"3 minutes\" \/>\n<script type=\"application\/ld+json\" class=\"yoast-schema-graph\">{\"@context\":\"https:\\\/\\\/schema.org\",\"@graph\":[{\"@type\":\"WebPage\",\"@id\":\"https:\\\/\\\/muzeumwarszawy.pl\\\/en\\\/warsaw-almanac\\\/recent-issue\\\/\",\"url\":\"https:\\\/\\\/muzeumwarszawy.pl\\\/en\\\/warsaw-almanac\\\/recent-issue\\\/\",\"name\":\"Recent issue | Muzeum Warszawy\",\"isPartOf\":{\"@id\":\"https:\\\/\\\/muzeumwarszawy.pl\\\/#website\"},\"datePublished\":\"2017-03-11T13:54:35+00:00\",\"breadcrumb\":{\"@id\":\"https:\\\/\\\/muzeumwarszawy.pl\\\/en\\\/warsaw-almanac\\\/recent-issue\\\/#breadcrumb\"},\"inLanguage\":\"en-US\",\"potentialAction\":[{\"@type\":\"ReadAction\",\"target\":[\"https:\\\/\\\/muzeumwarszawy.pl\\\/en\\\/warsaw-almanac\\\/recent-issue\\\/\"]}]},{\"@type\":\"BreadcrumbList\",\"@id\":\"https:\\\/\\\/muzeumwarszawy.pl\\\/en\\\/warsaw-almanac\\\/recent-issue\\\/#breadcrumb\",\"itemListElement\":[{\"@type\":\"ListItem\",\"position\":1,\"name\":\"Home\",\"item\":\"https:\\\/\\\/muzeumwarszawy.pl\\\/en\\\/\"},{\"@type\":\"ListItem\",\"position\":2,\"name\":\"Warsaw Almanac\",\"item\":\"https:\\\/\\\/muzeumwarszawy.pl\\\/en\\\/warsaw-almanac\\\/\"},{\"@type\":\"ListItem\",\"position\":3,\"name\":\"Recent issue\"}]},{\"@type\":\"WebSite\",\"@id\":\"https:\\\/\\\/muzeumwarszawy.pl\\\/#website\",\"url\":\"https:\\\/\\\/muzeumwarszawy.pl\\\/\",\"name\":\"Muzeum Warszawy\",\"description\":\"Od 80 lat misj\u0105 Muzeum Warszawy jest gromadzenie, przechowywanie, opracowywanie i udost\u0119pnianie zbior\u00f3w zwi\u0105zanych z Warszaw\u0105. Prowadz\u0105c dzia\u0142alno\u015b\u0107 wystawiennicz\u0105, badawcz\u0105, wydawnicz\u0105, edukacyjn\u0105 oraz kulturaln\u0105, muzeum towarzyszy odbiorcom w poznawaniu fenomenu Warszawy.\",\"publisher\":{\"@id\":\"https:\\\/\\\/muzeumwarszawy.pl\\\/#organization\"},\"potentialAction\":[{\"@type\":\"SearchAction\",\"target\":{\"@type\":\"EntryPoint\",\"urlTemplate\":\"https:\\\/\\\/muzeumwarszawy.pl\\\/?s={search_term_string}\"},\"query-input\":{\"@type\":\"PropertyValueSpecification\",\"valueRequired\":true,\"valueName\":\"search_term_string\"}}],\"inLanguage\":\"en-US\"},{\"@type\":\"Organization\",\"@id\":\"https:\\\/\\\/muzeumwarszawy.pl\\\/#organization\",\"name\":\"Muzeum Warszawy\",\"url\":\"https:\\\/\\\/muzeumwarszawy.pl\\\/\",\"logo\":{\"@type\":\"ImageObject\",\"inLanguage\":\"en-US\",\"@id\":\"https:\\\/\\\/muzeumwarszawy.pl\\\/#\\\/schema\\\/logo\\\/image\\\/\",\"url\":\"https:\\\/\\\/muzeumwarszawy.pl\\\/wp-content\\\/uploads\\\/2019\\\/09\\\/mw_logo.png\",\"contentUrl\":\"https:\\\/\\\/muzeumwarszawy.pl\\\/wp-content\\\/uploads\\\/2019\\\/09\\\/mw_logo.png\",\"width\":900,\"height\":900,\"caption\":\"Muzeum Warszawy\"},\"image\":{\"@id\":\"https:\\\/\\\/muzeumwarszawy.pl\\\/#\\\/schema\\\/logo\\\/image\\\/\"},\"sameAs\":[\"https:\\\/\\\/www.facebook.com\\\/muzeum.warszawy\\\/\",\"https:\\\/\\\/x.com\\\/muzeumwarszawy\",\"https:\\\/\\\/www.instagram.com\\\/muzeumwarszawy\\\/\",\"https:\\\/\\\/www.youtube.com\\\/channel\\\/UCcpFm6UFnUofszAU6bSGEng\\\/featured\",\"https:\\\/\\\/pl.wikipedia.org\\\/wiki\\\/Muzeum_Warszawy\"]}]}<\/script>\n<!-- \/ Yoast SEO plugin. -->","yoast_head_json":{"title":"Recent issue | Muzeum Warszawy","robots":{"index":"index","follow":"follow","max-snippet":"max-snippet:-1","max-image-preview":"max-image-preview:large","max-video-preview":"max-video-preview:-1"},"canonical":"https:\/\/muzeumwarszawy.pl\/en\/warsaw-almanac\/recent-issue\/","og_locale":"en_US","og_type":"article","og_title":"Recent issue | Muzeum Warszawy","og_description":"Spis tre\u015bci \/ Table of Contents Warszawa \/ Warsaw Maciej Pie\u0144kowski, Sejmik ziemi warszawskiej wobec problem\u00f3w wewn\u0119trznych Rzeczypospolitej za panowania W\u0142adys\u0142awa IV\u00a0[pobierz PDF] \/ Sejmik of the Warsaw land and the internal problems of the Commonwealth under the reign of W\u0142adys\u0142aw IV Miros\u0142aw Nagielski, Bitwa warszawska 1656 roku\u00a0[pobierz PDF] \/ Battle of Warsaw 1656 [PDF [&hellip;]","og_url":"https:\/\/muzeumwarszawy.pl\/en\/warsaw-almanac\/recent-issue\/","og_site_name":"Muzeum Warszawy","article_publisher":"https:\/\/www.facebook.com\/muzeum.warszawy\/","og_image":[{"width":1920,"height":1289,"url":"https:\/\/muzeumwarszawy.pl\/wp-content\/uploads\/2018\/05\/Muzeum-Warszawy-1920x1289.jpg","type":"image\/jpeg"}],"twitter_card":"summary_large_image","twitter_site":"@muzeumwarszawy","twitter_misc":{"Est. reading time":"3 minutes"},"schema":{"@context":"https:\/\/schema.org","@graph":[{"@type":"WebPage","@id":"https:\/\/muzeumwarszawy.pl\/en\/warsaw-almanac\/recent-issue\/","url":"https:\/\/muzeumwarszawy.pl\/en\/warsaw-almanac\/recent-issue\/","name":"Recent issue | Muzeum Warszawy","isPartOf":{"@id":"https:\/\/muzeumwarszawy.pl\/#website"},"datePublished":"2017-03-11T13:54:35+00:00","breadcrumb":{"@id":"https:\/\/muzeumwarszawy.pl\/en\/warsaw-almanac\/recent-issue\/#breadcrumb"},"inLanguage":"en-US","potentialAction":[{"@type":"ReadAction","target":["https:\/\/muzeumwarszawy.pl\/en\/warsaw-almanac\/recent-issue\/"]}]},{"@type":"BreadcrumbList","@id":"https:\/\/muzeumwarszawy.pl\/en\/warsaw-almanac\/recent-issue\/#breadcrumb","itemListElement":[{"@type":"ListItem","position":1,"name":"Home","item":"https:\/\/muzeumwarszawy.pl\/en\/"},{"@type":"ListItem","position":2,"name":"Warsaw Almanac","item":"https:\/\/muzeumwarszawy.pl\/en\/warsaw-almanac\/"},{"@type":"ListItem","position":3,"name":"Recent issue"}]},{"@type":"WebSite","@id":"https:\/\/muzeumwarszawy.pl\/#website","url":"https:\/\/muzeumwarszawy.pl\/","name":"Muzeum Warszawy","description":"Od 80 lat misj\u0105 Muzeum Warszawy jest gromadzenie, przechowywanie, opracowywanie i udost\u0119pnianie zbior\u00f3w zwi\u0105zanych z Warszaw\u0105. Prowadz\u0105c dzia\u0142alno\u015b\u0107 wystawiennicz\u0105, badawcz\u0105, wydawnicz\u0105, edukacyjn\u0105 oraz kulturaln\u0105, muzeum towarzyszy odbiorcom w poznawaniu fenomenu Warszawy.","publisher":{"@id":"https:\/\/muzeumwarszawy.pl\/#organization"},"potentialAction":[{"@type":"SearchAction","target":{"@type":"EntryPoint","urlTemplate":"https:\/\/muzeumwarszawy.pl\/?s={search_term_string}"},"query-input":{"@type":"PropertyValueSpecification","valueRequired":true,"valueName":"search_term_string"}}],"inLanguage":"en-US"},{"@type":"Organization","@id":"https:\/\/muzeumwarszawy.pl\/#organization","name":"Muzeum Warszawy","url":"https:\/\/muzeumwarszawy.pl\/","logo":{"@type":"ImageObject","inLanguage":"en-US","@id":"https:\/\/muzeumwarszawy.pl\/#\/schema\/logo\/image\/","url":"https:\/\/muzeumwarszawy.pl\/wp-content\/uploads\/2019\/09\/mw_logo.png","contentUrl":"https:\/\/muzeumwarszawy.pl\/wp-content\/uploads\/2019\/09\/mw_logo.png","width":900,"height":900,"caption":"Muzeum Warszawy"},"image":{"@id":"https:\/\/muzeumwarszawy.pl\/#\/schema\/logo\/image\/"},"sameAs":["https:\/\/www.facebook.com\/muzeum.warszawy\/","https:\/\/x.com\/muzeumwarszawy","https:\/\/www.instagram.com\/muzeumwarszawy\/","https:\/\/www.youtube.com\/channel\/UCcpFm6UFnUofszAU6bSGEng\/featured","https:\/\/pl.wikipedia.org\/wiki\/Muzeum_Warszawy"]}]}},"_links":{"self":[{"href":"https:\/\/muzeumwarszawy.pl\/en\/wp-json\/wp\/v2\/pages\/15690","targetHints":{"allow":["GET"]}}],"collection":[{"href":"https:\/\/muzeumwarszawy.pl\/en\/wp-json\/wp\/v2\/pages"}],"about":[{"href":"https:\/\/muzeumwarszawy.pl\/en\/wp-json\/wp\/v2\/types\/page"}],"author":[{"embeddable":true,"href":"https:\/\/muzeumwarszawy.pl\/en\/wp-json\/wp\/v2\/users\/5"}],"replies":[{"embeddable":true,"href":"https:\/\/muzeumwarszawy.pl\/en\/wp-json\/wp\/v2\/comments?post=15690"}],"version-history":[{"count":1,"href":"https:\/\/muzeumwarszawy.pl\/en\/wp-json\/wp\/v2\/pages\/15690\/revisions"}],"predecessor-version":[{"id":15691,"href":"https:\/\/muzeumwarszawy.pl\/en\/wp-json\/wp\/v2\/pages\/15690\/revisions\/15691"}],"up":[{"embeddable":true,"href":"https:\/\/muzeumwarszawy.pl\/en\/wp-json\/wp\/v2\/pages\/15685"}],"wp:attachment":[{"href":"https:\/\/muzeumwarszawy.pl\/en\/wp-json\/wp\/v2\/media?parent=15690"}],"curies":[{"name":"wp","href":"https:\/\/api.w.org\/{rel}","templated":true}]}}