{"id":15697,"date":"2017-03-11T15:03:50","date_gmt":"2017-03-11T14:03:50","guid":{"rendered":"http:\/\/www.muzeumwarszawy.pl\/?page_id=15697\/"},"modified":"2017-03-11T15:03:50","modified_gmt":"2017-03-11T14:03:50","slug":"for-authors","status":"publish","type":"page","link":"https:\/\/muzeumwarszawy.pl\/en\/warsaw-almanac\/for-authors\/","title":{"rendered":"For authors"},"content":{"rendered":"<p><strong>The editorial staff accepts paper submissions until 31 march of each year. The papers are then reviewed.<\/strong><\/p>\n<p>The procedure of reviewing treatises and papers is carried out in accordance with the guidelines of the Ministry of Science and Higher Education. The review procedure is implemented in confidentiality and is a double-blind process. The papers are reviewed by experts in the given field. Each review is presented on a form elaborated by the Editorial staff. By sending a paper to the Editorial staff of the <em>Warsaw Almanac, <\/em>the author consents to the review process, which is carried out in the following form:<\/p>\n<ol>\n<li>Preliminary assessment made by the Editorial staff with regard to formal requirements, with the author informed of whether their paper has been submitted to review or rejected.<\/li>\n<li>The paper, together with the assessment form, is submitted anonymously to two or more third-party reviewers, who are obliged not to use the knowledge of the paper in question before its publication in the <em>Warsaw Almanac.<\/em><\/li>\n<li>Having received the reviews, the Editorial staff makes a decision to publish the paper or reject it.<\/li>\n<li>At the same time, the Editorial staff reserves the right to propose changes to the paper on the basis of their own opinions or the opinions of the reviewers, with the final decision to publish the text depending on the author\u2019s implementation of the changes in question.<\/li>\n<li>After the final acceptance, the paper is subjected to content and language editing and copy-editing.<\/li>\n<\/ol>\n<p>The Statement of Originality<\/p>\n<p>The authors are also obliged to submit a proper statement of originality in which they disclose the involvement of other people, research institutions, and associations in the process of the creation of the paper, and in case of co-authored papers, to assess the percentage of each of the authors\u2019 input (ghostwriting).<\/p>\n","protected":false},"excerpt":{"rendered":"<p>The editorial staff accepts paper submissions until 31 march of each year. The papers are then reviewed. The procedure of reviewing treatises and papers is carried out in accordance with the guidelines of the Ministry of Science and Higher Education. The review procedure is implemented in confidentiality and is a double-blind process. The papers are [&hellip;]<\/p>\n","protected":false},"author":5,"featured_media":0,"parent":15685,"menu_order":4,"comment_status":"closed","ping_status":"closed","template":"p-default.php","meta":{"_acf_changed":false,"footnotes":""},"class_list":["post-15697","page","type-page","status-publish","hentry"],"acf":[],"yoast_head":"<!-- This site is optimized with the Yoast SEO plugin v27.3 - https:\/\/yoast.com\/product\/yoast-seo-wordpress\/ -->\n<title>For authors | Muzeum Warszawy<\/title>\n<meta name=\"robots\" content=\"index, follow, max-snippet:-1, max-image-preview:large, max-video-preview:-1\" \/>\n<link rel=\"canonical\" href=\"https:\/\/muzeumwarszawy.pl\/en\/warsaw-almanac\/for-authors\/\" \/>\n<meta property=\"og:locale\" content=\"en_US\" \/>\n<meta property=\"og:type\" content=\"article\" \/>\n<meta property=\"og:title\" content=\"For authors | Muzeum Warszawy\" \/>\n<meta property=\"og:description\" content=\"The editorial staff accepts paper submissions until 31 march of each year. The papers are then reviewed. The procedure of reviewing treatises and papers is carried out in accordance with the guidelines of the Ministry of Science and Higher Education. The review procedure is implemented in confidentiality and is a double-blind process. The papers are [&hellip;]\" \/>\n<meta property=\"og:url\" content=\"https:\/\/muzeumwarszawy.pl\/en\/warsaw-almanac\/for-authors\/\" \/>\n<meta property=\"og:site_name\" content=\"Muzeum Warszawy\" \/>\n<meta property=\"article:publisher\" content=\"https:\/\/www.facebook.com\/muzeum.warszawy\/\" \/>\n<meta property=\"og:image\" content=\"https:\/\/muzeumwarszawy.pl\/wp-content\/uploads\/2018\/05\/Muzeum-Warszawy-1920x1289.jpg\" \/>\n\t<meta property=\"og:image:width\" content=\"1920\" \/>\n\t<meta property=\"og:image:height\" content=\"1289\" \/>\n\t<meta property=\"og:image:type\" content=\"image\/jpeg\" \/>\n<meta name=\"twitter:card\" content=\"summary_large_image\" \/>\n<meta name=\"twitter:site\" content=\"@muzeumwarszawy\" \/>\n<meta name=\"twitter:label1\" content=\"Est. reading time\" \/>\n\t<meta name=\"twitter:data1\" content=\"1 minute\" \/>\n<script type=\"application\/ld+json\" class=\"yoast-schema-graph\">{\"@context\":\"https:\\\/\\\/schema.org\",\"@graph\":[{\"@type\":\"WebPage\",\"@id\":\"https:\\\/\\\/muzeumwarszawy.pl\\\/en\\\/warsaw-almanac\\\/for-authors\\\/\",\"url\":\"https:\\\/\\\/muzeumwarszawy.pl\\\/en\\\/warsaw-almanac\\\/for-authors\\\/\",\"name\":\"For authors | Muzeum Warszawy\",\"isPartOf\":{\"@id\":\"https:\\\/\\\/muzeumwarszawy.pl\\\/#website\"},\"datePublished\":\"2017-03-11T14:03:50+00:00\",\"breadcrumb\":{\"@id\":\"https:\\\/\\\/muzeumwarszawy.pl\\\/en\\\/warsaw-almanac\\\/for-authors\\\/#breadcrumb\"},\"inLanguage\":\"en-US\",\"potentialAction\":[{\"@type\":\"ReadAction\",\"target\":[\"https:\\\/\\\/muzeumwarszawy.pl\\\/en\\\/warsaw-almanac\\\/for-authors\\\/\"]}]},{\"@type\":\"BreadcrumbList\",\"@id\":\"https:\\\/\\\/muzeumwarszawy.pl\\\/en\\\/warsaw-almanac\\\/for-authors\\\/#breadcrumb\",\"itemListElement\":[{\"@type\":\"ListItem\",\"position\":1,\"name\":\"Home\",\"item\":\"https:\\\/\\\/muzeumwarszawy.pl\\\/en\\\/\"},{\"@type\":\"ListItem\",\"position\":2,\"name\":\"Warsaw Almanac\",\"item\":\"https:\\\/\\\/muzeumwarszawy.pl\\\/en\\\/warsaw-almanac\\\/\"},{\"@type\":\"ListItem\",\"position\":3,\"name\":\"For authors\"}]},{\"@type\":\"WebSite\",\"@id\":\"https:\\\/\\\/muzeumwarszawy.pl\\\/#website\",\"url\":\"https:\\\/\\\/muzeumwarszawy.pl\\\/\",\"name\":\"Muzeum Warszawy\",\"description\":\"Od 80 lat misj\u0105 Muzeum Warszawy jest gromadzenie, przechowywanie, opracowywanie i udost\u0119pnianie zbior\u00f3w zwi\u0105zanych z Warszaw\u0105. Prowadz\u0105c dzia\u0142alno\u015b\u0107 wystawiennicz\u0105, badawcz\u0105, wydawnicz\u0105, edukacyjn\u0105 oraz kulturaln\u0105, muzeum towarzyszy odbiorcom w poznawaniu fenomenu Warszawy.\",\"publisher\":{\"@id\":\"https:\\\/\\\/muzeumwarszawy.pl\\\/#organization\"},\"potentialAction\":[{\"@type\":\"SearchAction\",\"target\":{\"@type\":\"EntryPoint\",\"urlTemplate\":\"https:\\\/\\\/muzeumwarszawy.pl\\\/?s={search_term_string}\"},\"query-input\":{\"@type\":\"PropertyValueSpecification\",\"valueRequired\":true,\"valueName\":\"search_term_string\"}}],\"inLanguage\":\"en-US\"},{\"@type\":\"Organization\",\"@id\":\"https:\\\/\\\/muzeumwarszawy.pl\\\/#organization\",\"name\":\"Muzeum Warszawy\",\"url\":\"https:\\\/\\\/muzeumwarszawy.pl\\\/\",\"logo\":{\"@type\":\"ImageObject\",\"inLanguage\":\"en-US\",\"@id\":\"https:\\\/\\\/muzeumwarszawy.pl\\\/#\\\/schema\\\/logo\\\/image\\\/\",\"url\":\"https:\\\/\\\/muzeumwarszawy.pl\\\/wp-content\\\/uploads\\\/2019\\\/09\\\/mw_logo.png\",\"contentUrl\":\"https:\\\/\\\/muzeumwarszawy.pl\\\/wp-content\\\/uploads\\\/2019\\\/09\\\/mw_logo.png\",\"width\":900,\"height\":900,\"caption\":\"Muzeum Warszawy\"},\"image\":{\"@id\":\"https:\\\/\\\/muzeumwarszawy.pl\\\/#\\\/schema\\\/logo\\\/image\\\/\"},\"sameAs\":[\"https:\\\/\\\/www.facebook.com\\\/muzeum.warszawy\\\/\",\"https:\\\/\\\/x.com\\\/muzeumwarszawy\",\"https:\\\/\\\/www.instagram.com\\\/muzeumwarszawy\\\/\",\"https:\\\/\\\/www.youtube.com\\\/channel\\\/UCcpFm6UFnUofszAU6bSGEng\\\/featured\",\"https:\\\/\\\/pl.wikipedia.org\\\/wiki\\\/Muzeum_Warszawy\"]}]}<\/script>\n<!-- \/ Yoast SEO plugin. -->","yoast_head_json":{"title":"For authors | Muzeum Warszawy","robots":{"index":"index","follow":"follow","max-snippet":"max-snippet:-1","max-image-preview":"max-image-preview:large","max-video-preview":"max-video-preview:-1"},"canonical":"https:\/\/muzeumwarszawy.pl\/en\/warsaw-almanac\/for-authors\/","og_locale":"en_US","og_type":"article","og_title":"For authors | Muzeum Warszawy","og_description":"The editorial staff accepts paper submissions until 31 march of each year. The papers are then reviewed. The procedure of reviewing treatises and papers is carried out in accordance with the guidelines of the Ministry of Science and Higher Education. The review procedure is implemented in confidentiality and is a double-blind process. The papers are [&hellip;]","og_url":"https:\/\/muzeumwarszawy.pl\/en\/warsaw-almanac\/for-authors\/","og_site_name":"Muzeum Warszawy","article_publisher":"https:\/\/www.facebook.com\/muzeum.warszawy\/","og_image":[{"width":1920,"height":1289,"url":"https:\/\/muzeumwarszawy.pl\/wp-content\/uploads\/2018\/05\/Muzeum-Warszawy-1920x1289.jpg","type":"image\/jpeg"}],"twitter_card":"summary_large_image","twitter_site":"@muzeumwarszawy","twitter_misc":{"Est. reading time":"1 minute"},"schema":{"@context":"https:\/\/schema.org","@graph":[{"@type":"WebPage","@id":"https:\/\/muzeumwarszawy.pl\/en\/warsaw-almanac\/for-authors\/","url":"https:\/\/muzeumwarszawy.pl\/en\/warsaw-almanac\/for-authors\/","name":"For authors | Muzeum Warszawy","isPartOf":{"@id":"https:\/\/muzeumwarszawy.pl\/#website"},"datePublished":"2017-03-11T14:03:50+00:00","breadcrumb":{"@id":"https:\/\/muzeumwarszawy.pl\/en\/warsaw-almanac\/for-authors\/#breadcrumb"},"inLanguage":"en-US","potentialAction":[{"@type":"ReadAction","target":["https:\/\/muzeumwarszawy.pl\/en\/warsaw-almanac\/for-authors\/"]}]},{"@type":"BreadcrumbList","@id":"https:\/\/muzeumwarszawy.pl\/en\/warsaw-almanac\/for-authors\/#breadcrumb","itemListElement":[{"@type":"ListItem","position":1,"name":"Home","item":"https:\/\/muzeumwarszawy.pl\/en\/"},{"@type":"ListItem","position":2,"name":"Warsaw Almanac","item":"https:\/\/muzeumwarszawy.pl\/en\/warsaw-almanac\/"},{"@type":"ListItem","position":3,"name":"For authors"}]},{"@type":"WebSite","@id":"https:\/\/muzeumwarszawy.pl\/#website","url":"https:\/\/muzeumwarszawy.pl\/","name":"Muzeum Warszawy","description":"Od 80 lat misj\u0105 Muzeum Warszawy jest gromadzenie, przechowywanie, opracowywanie i udost\u0119pnianie zbior\u00f3w zwi\u0105zanych z Warszaw\u0105. Prowadz\u0105c dzia\u0142alno\u015b\u0107 wystawiennicz\u0105, badawcz\u0105, wydawnicz\u0105, edukacyjn\u0105 oraz kulturaln\u0105, muzeum towarzyszy odbiorcom w poznawaniu fenomenu Warszawy.","publisher":{"@id":"https:\/\/muzeumwarszawy.pl\/#organization"},"potentialAction":[{"@type":"SearchAction","target":{"@type":"EntryPoint","urlTemplate":"https:\/\/muzeumwarszawy.pl\/?s={search_term_string}"},"query-input":{"@type":"PropertyValueSpecification","valueRequired":true,"valueName":"search_term_string"}}],"inLanguage":"en-US"},{"@type":"Organization","@id":"https:\/\/muzeumwarszawy.pl\/#organization","name":"Muzeum Warszawy","url":"https:\/\/muzeumwarszawy.pl\/","logo":{"@type":"ImageObject","inLanguage":"en-US","@id":"https:\/\/muzeumwarszawy.pl\/#\/schema\/logo\/image\/","url":"https:\/\/muzeumwarszawy.pl\/wp-content\/uploads\/2019\/09\/mw_logo.png","contentUrl":"https:\/\/muzeumwarszawy.pl\/wp-content\/uploads\/2019\/09\/mw_logo.png","width":900,"height":900,"caption":"Muzeum Warszawy"},"image":{"@id":"https:\/\/muzeumwarszawy.pl\/#\/schema\/logo\/image\/"},"sameAs":["https:\/\/www.facebook.com\/muzeum.warszawy\/","https:\/\/x.com\/muzeumwarszawy","https:\/\/www.instagram.com\/muzeumwarszawy\/","https:\/\/www.youtube.com\/channel\/UCcpFm6UFnUofszAU6bSGEng\/featured","https:\/\/pl.wikipedia.org\/wiki\/Muzeum_Warszawy"]}]}},"_links":{"self":[{"href":"https:\/\/muzeumwarszawy.pl\/en\/wp-json\/wp\/v2\/pages\/15697","targetHints":{"allow":["GET"]}}],"collection":[{"href":"https:\/\/muzeumwarszawy.pl\/en\/wp-json\/wp\/v2\/pages"}],"about":[{"href":"https:\/\/muzeumwarszawy.pl\/en\/wp-json\/wp\/v2\/types\/page"}],"author":[{"embeddable":true,"href":"https:\/\/muzeumwarszawy.pl\/en\/wp-json\/wp\/v2\/users\/5"}],"replies":[{"embeddable":true,"href":"https:\/\/muzeumwarszawy.pl\/en\/wp-json\/wp\/v2\/comments?post=15697"}],"version-history":[{"count":1,"href":"https:\/\/muzeumwarszawy.pl\/en\/wp-json\/wp\/v2\/pages\/15697\/revisions"}],"predecessor-version":[{"id":15698,"href":"https:\/\/muzeumwarszawy.pl\/en\/wp-json\/wp\/v2\/pages\/15697\/revisions\/15698"}],"up":[{"embeddable":true,"href":"https:\/\/muzeumwarszawy.pl\/en\/wp-json\/wp\/v2\/pages\/15685"}],"wp:attachment":[{"href":"https:\/\/muzeumwarszawy.pl\/en\/wp-json\/wp\/v2\/media?parent=15697"}],"curies":[{"name":"wp","href":"https:\/\/api.w.org\/{rel}","templated":true}]}}