{"id":16979,"date":"2017-05-25T13:59:50","date_gmt":"2017-05-25T11:59:50","guid":{"rendered":"http:\/\/muzeumwarszawy.pl\/?page_id=16979\/"},"modified":"2017-05-25T13:59:50","modified_gmt":"2017-05-25T11:59:50","slug":"collecting-policy-of-the-museum-of-warsaw","status":"publish","type":"page","link":"https:\/\/muzeumwarszawy.pl\/en\/the-collection\/collecting-policy-of-the-museum-of-warsaw\/","title":{"rendered":"Collecting Policy of the Museum of  Warsaw"},"content":{"rendered":"<h3>Definitions<\/h3>\n<p><strong>Artefact:<\/strong> any work created by a human being as opposed to creations of nature.<\/p>\n<p><strong>Collection:<\/strong> a group of artefacts collected according to specific distinctive criteria.<\/p>\n<p><strong>Patrimony<\/strong>: a group of artefacts left behind by a person, family or an organisation.<\/p>\n<p><strong>Collected items<\/strong>: individual artefacts, collections, and patrimonies owned by the Museum.<\/p>\n<h3>Rules of collecting items<\/h3>\n<p><strong>Selection criteria:<\/strong><\/p>\n<p>Artefacts collected by the Museum should meet at least one of the following criteria:<\/p>\n<p>1. Be Warsaw-related through the thematic content of the work:<\/p>\n<ul>\n<li>Warsaw as urban space delineated by historical and administrative borders;<\/li>\n<li>inhabitants of Warsaw and their activities;<\/li>\n<li>events taking place in Warsaw.<\/li>\n<\/ul>\n<p>2. Be Warsaw-related through its provenance (place of creation).<br \/>\nIn justified cases, the Museum may acquire an artefact which does not meet the above criteria.<\/p>\n<p>The Museum acquires:<\/p>\n<ul>\n<li>individual artefacts,<\/li>\n<li>collections,<\/li>\n<li>patrimonies.<\/li>\n<\/ul>\n<p>Using the above criteria, the Museum creates its collection, which encompasses:<\/p>\n<p>1. <strong>Warsaw Vistas Collection<\/strong> \u2013 works depicting the town and documenting its transformations in full scope (panorama) and in fragments (streets, squares, buildings);<\/p>\n<p>2. <strong>Historical and Genre Scene Collections<\/strong> \u2013 works depicting important events and scenes from everyday life and holidays, concerning representatives of various social classes living in Warsaw;<\/p>\n<p>3. <strong>Portrait Collection<\/strong> \u2013 portraits of Warsaw natives or people connected to Warsaw;<\/p>\n<p>4. <strong>Warsaw Mermaids Collection<\/strong> \u2013 depictions of the symbol of the town;<\/p>\n<p>5. <strong>Monument and Open-Air Sculpture Miniatures Collection<\/strong> \u2013 reductions, models, graphic designs realised or unrealised in urban space;<\/p>\n<p>6. <strong>Bronze Collection<\/strong> \u2013 decorative and everyday items made in Warsaw-based workshops and companies;<\/p>\n<p>7. <strong>Silverware and Plated Ware Collection<\/strong> \u2013 decorative and everyday items made in Warsaw-based workshops and companies;<\/p>\n<p>8. <strong>Souvenir Collection<\/strong> \u2013 items serving as tourist souvenirs, connected to Warsaw-related places and events;<\/p>\n<p>9. <strong>Packaging and Advertising Items of Warsaw Companies Collection<\/strong>;<\/p>\n<p>10. <strong>Watch Collection<\/strong> \u2013 items from Warsaw-based workshops and companies;<\/p>\n<p>11. <strong>Clothing and Accessories Collection<\/strong> \u2013 items from Warsaw-based companies and clothing designers, documents concerning fashion design, product range offered by Warsaw\u2019s fashion shops, and clothing worn by the inhabitants of Warsaw;<\/p>\n<p>12. <strong>Decorative Fabrics Collection<\/strong> \u2013 items from Warsaw-based companies, particularly from the fabrics produced by the \u201c\u0141AD\u201d Artists\u2019 Cooperative.<\/p>\n<p>13. <strong>Guild Heritage Collection<\/strong> \u2013 keepsakes from Warsaw\u2019s guilds;<\/p>\n<p>14. <strong>Historical Keepsake Collection<\/strong> \u2013 items of particular value for the history of Warsaw, connected to its inhabitants, events taking place in the town, specific places and institutions;<\/p>\n<p>15. <strong>Patriotic Accessories Collection<\/strong> \u2013 items connected to cultivating the memory of Polish history, shaping the national identity;<\/p>\n<p>16. <strong>Medal Collection<\/strong> \u2013 medals, plaquettes, medallions, and other engraved items constituting small sculptures, as well as models and forms;<\/p>\n<p>17. <strong>Photograph Collection<\/strong> \u2013 photographs (including negatives), photo albums;<\/p>\n<p>18. <strong>Deltiology Collection<\/strong> \u2013 individual postcards and complete series and collections, postcard albums, printed albums;<\/p>\n<p>19. <strong>Architectural Detail Collection<\/strong> \u2013 original elements of Warsaw\u2019s buildings and street furniture;<\/p>\n<p>20. <strong>Architectural and Urban Designs Collections<\/strong> \u2013 realised and unrealised architectural and urban concepts for Warsaw, architects\u2019 sketchbooks, theoretical treatises, inventory and study materials, photographs documenting the design and implementation process, scale models;<\/p>\n<p>21. <strong>Cartography Collection<\/strong> \u2013 maps, photogrammetry materials, cartographic documentation;<\/p>\n<p>22. <strong>Korczak Collection<\/strong> (Korczakianum) \u2013 artefacts documenting the life and writing of Janusz Korczak, history of the institutions he created, fates of people who were closest to him, Polish and foreign reception of his work and characters;<\/p>\n<p>23. <strong>Warsaw Documents Collection<\/strong> \u2013 manuscripts and prints, excluding archival materials included in the fonds of the Museum Archive;<\/p>\n<p>24. <strong>Audiovisual and Audio Collection<\/strong> \u2013 artistic, amateur, and documentary audio and audiovisual materials (including film) on analogue and digital storage devices;<\/p>\n<p>25. <strong>Archaeology Collection<\/strong> \u2013 medieval and modern artefacts discovered during archaeological research carried out within the administrative borders of Warsaw and the documentation of the research;<\/p>\n<p>26. <strong>Museum of Printing Collection<\/strong> (branch of the Museum) \u2013 artefacts connected to printing, graphic, and bookbinding techniques, artistic prints, and materials concerning companies and people operating in the generally understood book production and distribution industry (printing shops, bookshops, publishing houses, bookbinding enterprises);<\/p>\n<p>27. <strong>Museum of Pharmacy Collection<\/strong> (branch of the Museum) \u2013 artefacts connected to Warsaw\u2019s pharmacies, analytical laboratories, pharmaceutical industry until the end of the 20 th century, and the professional and academic activity of Warsaw\u2019s pharmacists;<\/p>\n<p>28. <strong>Palmiry Museum \u2013 Memorial Site Collection<\/strong> (branch of the Museum) \u2013 historical and martyrological artefacts connected to the history of the site, executions of the inhabitants of Warsaw and nearby localities during the German occupation;<\/p>\n<p>29. <strong>Museum of Field Ordinance Collection<\/strong> (branch of the Museum) \u2013 artefacts connected to the history of the field ordinance of the Polish Army and the activity of the clergymen of all denominations who belonged to it.<\/p>\n<p>&nbsp;<\/p>\n","protected":false},"excerpt":{"rendered":"<p>Definitions Artefact: any work created by a human being as opposed to creations of nature. Collection: a group of artefacts collected according to specific distinctive criteria. Patrimony: a group of artefacts left behind by a person, family or an organisation. Collected items: individual artefacts, collections, and patrimonies owned by the Museum. Rules of collecting items [&hellip;]<\/p>\n","protected":false},"author":5,"featured_media":0,"parent":15600,"menu_order":0,"comment_status":"closed","ping_status":"closed","template":"p-default.php","meta":{"_acf_changed":false,"footnotes":""},"class_list":["post-16979","page","type-page","status-publish","hentry"],"acf":[],"yoast_head":"<!-- This site is optimized with the Yoast SEO plugin v27.5 - https:\/\/yoast.com\/product\/yoast-seo-wordpress\/ -->\n<title>Collecting Policy of the Museum of Warsaw | Muzeum Warszawy<\/title>\n<meta name=\"robots\" content=\"index, follow, max-snippet:-1, max-image-preview:large, max-video-preview:-1\" \/>\n<link rel=\"canonical\" href=\"https:\/\/muzeumwarszawy.pl\/en\/the-collection\/collecting-policy-of-the-museum-of-warsaw\/\" \/>\n<meta property=\"og:locale\" content=\"en_US\" \/>\n<meta property=\"og:type\" content=\"article\" \/>\n<meta property=\"og:title\" content=\"Collecting Policy of the Museum of Warsaw | Muzeum Warszawy\" \/>\n<meta property=\"og:description\" content=\"Definitions Artefact: any work created by a human being as opposed to creations of nature. Collection: a group of artefacts collected according to specific distinctive criteria. Patrimony: a group of artefacts left behind by a person, family or an organisation. Collected items: individual artefacts, collections, and patrimonies owned by the Museum. Rules of collecting items [&hellip;]\" \/>\n<meta property=\"og:url\" content=\"https:\/\/muzeumwarszawy.pl\/en\/the-collection\/collecting-policy-of-the-museum-of-warsaw\/\" \/>\n<meta property=\"og:site_name\" content=\"Muzeum Warszawy\" \/>\n<meta property=\"article:publisher\" content=\"https:\/\/www.facebook.com\/muzeum.warszawy\/\" \/>\n<meta property=\"og:image\" content=\"https:\/\/muzeumwarszawy.pl\/wp-content\/uploads\/2018\/05\/Muzeum-Warszawy-1920x1289.jpg\" \/>\n\t<meta property=\"og:image:width\" content=\"1920\" \/>\n\t<meta property=\"og:image:height\" content=\"1289\" \/>\n\t<meta property=\"og:image:type\" content=\"image\/jpeg\" \/>\n<meta name=\"twitter:card\" content=\"summary_large_image\" \/>\n<meta name=\"twitter:site\" content=\"@muzeumwarszawy\" \/>\n<meta name=\"twitter:label1\" content=\"Est. reading time\" \/>\n\t<meta name=\"twitter:data1\" content=\"4 minutes\" \/>\n<script type=\"application\/ld+json\" class=\"yoast-schema-graph\">{\"@context\":\"https:\\\/\\\/schema.org\",\"@graph\":[{\"@type\":\"WebPage\",\"@id\":\"https:\\\/\\\/muzeumwarszawy.pl\\\/en\\\/the-collection\\\/collecting-policy-of-the-museum-of-warsaw\\\/\",\"url\":\"https:\\\/\\\/muzeumwarszawy.pl\\\/en\\\/the-collection\\\/collecting-policy-of-the-museum-of-warsaw\\\/\",\"name\":\"Collecting Policy of the Museum of Warsaw | Muzeum Warszawy\",\"isPartOf\":{\"@id\":\"https:\\\/\\\/muzeumwarszawy.pl\\\/#website\"},\"datePublished\":\"2017-05-25T11:59:50+00:00\",\"breadcrumb\":{\"@id\":\"https:\\\/\\\/muzeumwarszawy.pl\\\/en\\\/the-collection\\\/collecting-policy-of-the-museum-of-warsaw\\\/#breadcrumb\"},\"inLanguage\":\"en-US\",\"potentialAction\":[{\"@type\":\"ReadAction\",\"target\":[\"https:\\\/\\\/muzeumwarszawy.pl\\\/en\\\/the-collection\\\/collecting-policy-of-the-museum-of-warsaw\\\/\"]}]},{\"@type\":\"BreadcrumbList\",\"@id\":\"https:\\\/\\\/muzeumwarszawy.pl\\\/en\\\/the-collection\\\/collecting-policy-of-the-museum-of-warsaw\\\/#breadcrumb\",\"itemListElement\":[{\"@type\":\"ListItem\",\"position\":1,\"name\":\"Home\",\"item\":\"https:\\\/\\\/muzeumwarszawy.pl\\\/en\\\/\"},{\"@type\":\"ListItem\",\"position\":2,\"name\":\"The Collection\",\"item\":\"https:\\\/\\\/muzeumwarszawy.pl\\\/en\\\/the-collection\\\/\"},{\"@type\":\"ListItem\",\"position\":3,\"name\":\"Collecting Policy of the Museum of Warsaw\"}]},{\"@type\":\"WebSite\",\"@id\":\"https:\\\/\\\/muzeumwarszawy.pl\\\/#website\",\"url\":\"https:\\\/\\\/muzeumwarszawy.pl\\\/\",\"name\":\"Muzeum Warszawy\",\"description\":\"Od 80 lat misj\u0105 Muzeum Warszawy jest gromadzenie, przechowywanie, opracowywanie i udost\u0119pnianie zbior\u00f3w zwi\u0105zanych z Warszaw\u0105. Prowadz\u0105c dzia\u0142alno\u015b\u0107 wystawiennicz\u0105, badawcz\u0105, wydawnicz\u0105, edukacyjn\u0105 oraz kulturaln\u0105, muzeum towarzyszy odbiorcom w poznawaniu fenomenu Warszawy.\",\"publisher\":{\"@id\":\"https:\\\/\\\/muzeumwarszawy.pl\\\/#organization\"},\"potentialAction\":[{\"@type\":\"SearchAction\",\"target\":{\"@type\":\"EntryPoint\",\"urlTemplate\":\"https:\\\/\\\/muzeumwarszawy.pl\\\/?s={search_term_string}\"},\"query-input\":{\"@type\":\"PropertyValueSpecification\",\"valueRequired\":true,\"valueName\":\"search_term_string\"}}],\"inLanguage\":\"en-US\"},{\"@type\":\"Organization\",\"@id\":\"https:\\\/\\\/muzeumwarszawy.pl\\\/#organization\",\"name\":\"Muzeum Warszawy\",\"url\":\"https:\\\/\\\/muzeumwarszawy.pl\\\/\",\"logo\":{\"@type\":\"ImageObject\",\"inLanguage\":\"en-US\",\"@id\":\"https:\\\/\\\/muzeumwarszawy.pl\\\/#\\\/schema\\\/logo\\\/image\\\/\",\"url\":\"https:\\\/\\\/muzeumwarszawy.pl\\\/wp-content\\\/uploads\\\/2019\\\/09\\\/mw_logo.png\",\"contentUrl\":\"https:\\\/\\\/muzeumwarszawy.pl\\\/wp-content\\\/uploads\\\/2019\\\/09\\\/mw_logo.png\",\"width\":900,\"height\":900,\"caption\":\"Muzeum Warszawy\"},\"image\":{\"@id\":\"https:\\\/\\\/muzeumwarszawy.pl\\\/#\\\/schema\\\/logo\\\/image\\\/\"},\"sameAs\":[\"https:\\\/\\\/www.facebook.com\\\/muzeum.warszawy\\\/\",\"https:\\\/\\\/x.com\\\/muzeumwarszawy\",\"https:\\\/\\\/www.instagram.com\\\/muzeumwarszawy\\\/\",\"https:\\\/\\\/www.youtube.com\\\/channel\\\/UCcpFm6UFnUofszAU6bSGEng\\\/featured\",\"https:\\\/\\\/pl.wikipedia.org\\\/wiki\\\/Muzeum_Warszawy\"]}]}<\/script>\n<!-- \/ Yoast SEO plugin. -->","yoast_head_json":{"title":"Collecting Policy of the Museum of Warsaw | Muzeum Warszawy","robots":{"index":"index","follow":"follow","max-snippet":"max-snippet:-1","max-image-preview":"max-image-preview:large","max-video-preview":"max-video-preview:-1"},"canonical":"https:\/\/muzeumwarszawy.pl\/en\/the-collection\/collecting-policy-of-the-museum-of-warsaw\/","og_locale":"en_US","og_type":"article","og_title":"Collecting Policy of the Museum of Warsaw | Muzeum Warszawy","og_description":"Definitions Artefact: any work created by a human being as opposed to creations of nature. Collection: a group of artefacts collected according to specific distinctive criteria. Patrimony: a group of artefacts left behind by a person, family or an organisation. Collected items: individual artefacts, collections, and patrimonies owned by the Museum. Rules of collecting items [&hellip;]","og_url":"https:\/\/muzeumwarszawy.pl\/en\/the-collection\/collecting-policy-of-the-museum-of-warsaw\/","og_site_name":"Muzeum Warszawy","article_publisher":"https:\/\/www.facebook.com\/muzeum.warszawy\/","og_image":[{"width":1920,"height":1289,"url":"https:\/\/muzeumwarszawy.pl\/wp-content\/uploads\/2018\/05\/Muzeum-Warszawy-1920x1289.jpg","type":"image\/jpeg"}],"twitter_card":"summary_large_image","twitter_site":"@muzeumwarszawy","twitter_misc":{"Est. reading time":"4 minutes"},"schema":{"@context":"https:\/\/schema.org","@graph":[{"@type":"WebPage","@id":"https:\/\/muzeumwarszawy.pl\/en\/the-collection\/collecting-policy-of-the-museum-of-warsaw\/","url":"https:\/\/muzeumwarszawy.pl\/en\/the-collection\/collecting-policy-of-the-museum-of-warsaw\/","name":"Collecting Policy of the Museum of Warsaw | Muzeum Warszawy","isPartOf":{"@id":"https:\/\/muzeumwarszawy.pl\/#website"},"datePublished":"2017-05-25T11:59:50+00:00","breadcrumb":{"@id":"https:\/\/muzeumwarszawy.pl\/en\/the-collection\/collecting-policy-of-the-museum-of-warsaw\/#breadcrumb"},"inLanguage":"en-US","potentialAction":[{"@type":"ReadAction","target":["https:\/\/muzeumwarszawy.pl\/en\/the-collection\/collecting-policy-of-the-museum-of-warsaw\/"]}]},{"@type":"BreadcrumbList","@id":"https:\/\/muzeumwarszawy.pl\/en\/the-collection\/collecting-policy-of-the-museum-of-warsaw\/#breadcrumb","itemListElement":[{"@type":"ListItem","position":1,"name":"Home","item":"https:\/\/muzeumwarszawy.pl\/en\/"},{"@type":"ListItem","position":2,"name":"The Collection","item":"https:\/\/muzeumwarszawy.pl\/en\/the-collection\/"},{"@type":"ListItem","position":3,"name":"Collecting Policy of the Museum of Warsaw"}]},{"@type":"WebSite","@id":"https:\/\/muzeumwarszawy.pl\/#website","url":"https:\/\/muzeumwarszawy.pl\/","name":"Muzeum Warszawy","description":"Od 80 lat misj\u0105 Muzeum Warszawy jest gromadzenie, przechowywanie, opracowywanie i udost\u0119pnianie zbior\u00f3w zwi\u0105zanych z Warszaw\u0105. Prowadz\u0105c dzia\u0142alno\u015b\u0107 wystawiennicz\u0105, badawcz\u0105, wydawnicz\u0105, edukacyjn\u0105 oraz kulturaln\u0105, muzeum towarzyszy odbiorcom w poznawaniu fenomenu Warszawy.","publisher":{"@id":"https:\/\/muzeumwarszawy.pl\/#organization"},"potentialAction":[{"@type":"SearchAction","target":{"@type":"EntryPoint","urlTemplate":"https:\/\/muzeumwarszawy.pl\/?s={search_term_string}"},"query-input":{"@type":"PropertyValueSpecification","valueRequired":true,"valueName":"search_term_string"}}],"inLanguage":"en-US"},{"@type":"Organization","@id":"https:\/\/muzeumwarszawy.pl\/#organization","name":"Muzeum Warszawy","url":"https:\/\/muzeumwarszawy.pl\/","logo":{"@type":"ImageObject","inLanguage":"en-US","@id":"https:\/\/muzeumwarszawy.pl\/#\/schema\/logo\/image\/","url":"https:\/\/muzeumwarszawy.pl\/wp-content\/uploads\/2019\/09\/mw_logo.png","contentUrl":"https:\/\/muzeumwarszawy.pl\/wp-content\/uploads\/2019\/09\/mw_logo.png","width":900,"height":900,"caption":"Muzeum Warszawy"},"image":{"@id":"https:\/\/muzeumwarszawy.pl\/#\/schema\/logo\/image\/"},"sameAs":["https:\/\/www.facebook.com\/muzeum.warszawy\/","https:\/\/x.com\/muzeumwarszawy","https:\/\/www.instagram.com\/muzeumwarszawy\/","https:\/\/www.youtube.com\/channel\/UCcpFm6UFnUofszAU6bSGEng\/featured","https:\/\/pl.wikipedia.org\/wiki\/Muzeum_Warszawy"]}]}},"_links":{"self":[{"href":"https:\/\/muzeumwarszawy.pl\/en\/wp-json\/wp\/v2\/pages\/16979","targetHints":{"allow":["GET"]}}],"collection":[{"href":"https:\/\/muzeumwarszawy.pl\/en\/wp-json\/wp\/v2\/pages"}],"about":[{"href":"https:\/\/muzeumwarszawy.pl\/en\/wp-json\/wp\/v2\/types\/page"}],"author":[{"embeddable":true,"href":"https:\/\/muzeumwarszawy.pl\/en\/wp-json\/wp\/v2\/users\/5"}],"replies":[{"embeddable":true,"href":"https:\/\/muzeumwarszawy.pl\/en\/wp-json\/wp\/v2\/comments?post=16979"}],"version-history":[{"count":1,"href":"https:\/\/muzeumwarszawy.pl\/en\/wp-json\/wp\/v2\/pages\/16979\/revisions"}],"predecessor-version":[{"id":16981,"href":"https:\/\/muzeumwarszawy.pl\/en\/wp-json\/wp\/v2\/pages\/16979\/revisions\/16981"}],"up":[{"embeddable":true,"href":"https:\/\/muzeumwarszawy.pl\/en\/wp-json\/wp\/v2\/pages\/15600"}],"wp:attachment":[{"href":"https:\/\/muzeumwarszawy.pl\/en\/wp-json\/wp\/v2\/media?parent=16979"}],"curies":[{"name":"wp","href":"https:\/\/api.w.org\/{rel}","templated":true}]}}